{"id":21603,"date":"2022-07-20T19:15:12","date_gmt":"2022-07-20T17:15:12","guid":{"rendered":"https:\/\/www.studenten-power.de\/nrw\/leistungen\/tapete-entfernen-nrw\/"},"modified":"2026-01-10T12:12:34","modified_gmt":"2026-01-10T11:12:34","slug":"tapete-entfernen-nrw","status":"publish","type":"page","link":"https:\/\/www.studenten-power.de\/nrw\/leistungen\/tapete-entfernen-nrw\/","title":{"rendered":"Tapete entfernen in D\u00fcsseldorf, Dortmund, Bochum"},"content":{"rendered":"\n<div class=\"wp-block-uagb-container uagb-block-b5b5964e alignfull uagb-is-root-container\"><div class=\"uagb-container-inner-blocks-wrap\">\n<h2 class=\"wp-block-heading\">Tapete entfernen leicht gemacht<\/h2>\n\n\n\n<p>Wird es Zeit f\u00fcr neue Tapeten an den W\u00e4nden, m\u00fcssen die&nbsp;<strong>alten Tapeten entfernt<\/strong>&nbsp;werden.<\/p>\n\n\n\n<p>Tapeten einfach von den W\u00e4nden abl\u00f6sen, sie anschlie\u00dfend im Papiercontainer entsorgen, klingt so einfach. Das Entfernen ist mit einem hohen Arbeitsaufwand verbunden und die Entsorgung im Papiercontainer illegal. Studenten-Power kennt die kleinen H\u00fcrden des Tapezierens und ist umgehend zur Stelle, wenn Sie fachgerecht die Tapete entfernen lassen m\u00f6chten.<\/p>\n<\/div><\/div>\n\n\n\n<div class=\"wp-block-uagb-container uagb-block-9be1bedf alignfull uagb-is-root-container\"><div class=\"uagb-container-inner-blocks-wrap\">\n<div class=\"wp-block-uagb-container uagb-block-7d836c03\">\n<div class=\"wp-block-uagb-container uagb-block-41bbd9d1 alignfull uagb-is-root-container\"><div class=\"uagb-container-inner-blocks-wrap\">\n<div class=\"wp-block-uagb-info-box uagb-block-cb0f451c uagb-infobox__content-wrap  uagb-infobox-icon-left-title uagb-infobox-left uagb-infobox-image-valign-middle\"><div class=\"uagb-ifb-content\"><div class=\"uagb-ifb-left-title-image\"><div class=\"uagb-ifb-image-content\"><img decoding=\"async\" src=\"https:\/\/www.studenten-power.de\/nrw\/wp-content\/uploads\/sites\/2\/2025\/07\/telefon.svg\" alt=\"Telefon Icon f\u00fcr Raum NRW\" width=\"60\" height=\"60\" loading=\"lazy\" title=\"\"><\/div><div class=\"uagb-ifb-title-wrap\"><p class=\"uagb-ifb-title\"><a href=\"tel:+4923441472449\">023441472449<\/a><strong>&nbsp;<\/strong> <strong>Hinweis<\/strong>: Unsere Entr\u00fcmpelungen sind <strong>kostenpflichtige<\/strong> Leistungen.<\/p><\/div><\/div><\/div><\/div>\n\n\n\n<div class=\"wp-block-uagb-info-box uagb-block-45cda799 uagb-infobox__content-wrap  uagb-infobox-icon-left-title uagb-infobox-left uagb-infobox-image-valign-middle\"><div class=\"uagb-ifb-content\"><div class=\"uagb-ifb-left-title-image\"><div class=\"uagb-ifb-image-content\"><img decoding=\"async\" src=\"https:\/\/www.studenten-power.de\/nrw\/wp-content\/uploads\/sites\/2\/2025\/07\/kontaktformular.svg\" alt=\"Kontaktformular NRW\" width=\"60\" height=\"60\" loading=\"lazy\" title=\"\"><\/div><div class=\"uagb-ifb-title-wrap\"><p class=\"uagb-ifb-title\"><a href=\"\/nrw\/kostenloses-angebot\/\">Kontaktformular<\/a><\/p><\/div><\/div><\/div><\/div>\n\n\n\n<div class=\"wp-block-uagb-info-box uagb-block-09adf1a4 uagb-infobox__content-wrap  uagb-infobox-icon-left-title uagb-infobox-left uagb-infobox-image-valign-middle\"><div class=\"uagb-ifb-content\"><div class=\"uagb-ifb-left-title-image\"><div class=\"uagb-ifb-image-content\"><img decoding=\"async\" src=\"https:\/\/www.studenten-power.de\/nrw\/wp-content\/uploads\/sites\/2\/2025\/07\/whatsapp.svg\" alt=\"whatsapp NRW\" width=\"60\" height=\"60\" loading=\"lazy\" title=\"\"><\/div><div class=\"uagb-ifb-title-wrap\"><p class=\"uagb-ifb-title\"><a href=\"\/nrw\/leistungen\/blitzangebot-nrw\/\">Blitzangebot via WhatsApp<\/a><\/p><\/div><\/div><\/div><\/div>\n<\/div><\/div>\n<\/div>\n\n\n\n<div class=\"wp-block-uagb-container uagb-block-90478c58\">\n<div class=\"wp-block-uagb-image uagb-block-bdc69f87 wp-block-uagb-image--layout-default wp-block-uagb-image--effect-static wp-block-uagb-image--align-none\"><figure class=\"wp-block-uagb-image__figure\"><img decoding=\"async\" srcset=\"https:\/\/www.studenten-power.de\/nrw\/wp-content\/uploads\/sites\/2\/2024\/03\/tapete-entfernen-bochum-duesseldorf-dortmund-essen.png ,https:\/\/www.studenten-power.de\/nrw\/wp-content\/uploads\/sites\/2\/2024\/03\/tapete-entfernen-bochum-duesseldorf-dortmund-essen.png 780w, https:\/\/www.studenten-power.de\/nrw\/wp-content\/uploads\/sites\/2\/2024\/03\/tapete-entfernen-bochum-duesseldorf-dortmund-essen.png 360w\" sizes=\"auto, (max-width: 480px) 150px\" src=\"https:\/\/www.studenten-power.de\/nrw\/wp-content\/uploads\/sites\/2\/2024\/03\/tapete-entfernen-bochum-duesseldorf-dortmund-essen.png\" alt=\"Tapete entfernen Bochum, D\u00fcsseldorf, Dortmund, Essen\" class=\"uag-image-21731\" width=\"500\" height=\"500\" title=\"Tapete entfernen Bochum, D\u00fcsseldorf, Dortmund, Essen\" loading=\"lazy\" role=\"img\"\/><\/figure><\/div>\n<\/div>\n<\/div><\/div>\n\n\n\n<div class=\"wp-block-uagb-container uagb-block-6b049bd6 alignfull uagb-is-root-container\"><div class=\"uagb-container-inner-blocks-wrap\">\n<div class=\"wp-block-uagb-advanced-heading uagb-block-fac87205\"><h2 class=\"uagb-heading-text\">Alte Tapete selbst entfernen<\/h2><\/div>\n\n\n\n<p>Sie k\u00f6nnen die Tapete selbst von den W\u00e4nden entfernen, m\u00fcssen allerdings vorher das passende Werkzeug im Baumarkt oder Fachhandel kaufen. Papiertapeten lassen sich oft nur schwerf\u00e4llig von den W\u00e4nden entfernen, das liegt zum einen am Tapetenmaterial, zum anderen am verwendeten Kleister. Kaufen Sie deshalb unbedingt Tapetenl\u00f6ser, der kostet im Handel rund zehn Euro. Der Spachtel ist g\u00fcnstiger, mit gut f\u00fcnf Euro bekommen Sie einen, mit dem Sie gut arbeiten k\u00f6nnen. Bevor Sie die<strong>&nbsp;Tapete entfernen<\/strong>, bew\u00e4ssern Sie diese, dadurch l\u00e4sst sie sich leichter von den W\u00e4nden l\u00f6sen. Nachdem alle Tapeten entfernt wurden, m\u00fcssen Sie die Unebenheiten auf dem Putz unbedingt entfernen, bevor neu tapeziert wird.<\/p>\n\n\n\n<div class=\"wp-block-uagb-advanced-heading uagb-block-0a99535e\"><h2 class=\"uagb-heading-text\">Alte Tapete entfernen mit Studenten-Power<\/h2><\/div>\n\n\n\n<p><strong>Tapeten entfernen im Ruhrgebiet<\/strong>&nbsp;ist unsere Aufgabe. Ob in Dortmund, Bochum oder Essen, im Ruhrgebiet erledigen wir das f\u00fcr Sie. Um die Tapete zu entfernen, sind die Kosten so kalkuliert, dass Sie den Service zu einem Festpreis erhalten. Sie m\u00fcssen sonst mit bis zu 20,00 Euro pro Quadratmeter rechnen, um die Tapete entfernen zu lassen. Wir unterbreiten Ihnen f\u00fcr das Entfernen der Raufaser oder Seidentapeten einen unschlagbaren Festpreis im Ruhrgebiet. Viele Fachfirmen berechnen die Kosten nach dem Tapetenmaterial, der Fl\u00e4che und berechnen zus\u00e4tzlich den An- und Abfahrtsweg. Bei uns erhalten Sie alles aus einer Hand zum Festpreis.<\/p>\n\n\n\n<div class=\"wp-block-uagb-advanced-heading uagb-block-4e08855c\"><h2 class=\"uagb-heading-text\">Was kostet Tapete entfernen lassen in D\u00fcsseldorf, Dortmund, Bochum und Essen?<\/h2><\/div>\n\n\n\n<p>Eine der wichtigsten Fragen f\u00fcr unsere Kunden besch\u00e4ftigt sich mit den Kosten f\u00fcr das Entfernen der alten Tapete im Wohn- oder Schlafzimmer. Viele greifen lieber selbst zum Spachtel und k\u00e4mpfen mit Warmwasser, um die<strong>&nbsp;alte Tapete zu entfernen<\/strong>. Tats\u00e4chlich ist das die g\u00fcnstigste L\u00f6sung, sie ist aber auch sehr zeitaufwendig. Mit Studenten-Power erhalten Sie das beste Preis-Leistungs-Verh\u00e4ltnis. Sie bezahlen nicht so viel wie bei einer Fachfirma, m\u00fcssen nicht so schwitzen wie beim selbstst\u00e4ndigen Entfernen der Tapete und sparen sehr viel Zeit. Wir entfernen die Tapete innerhalb eines Werktages.<strong>&nbsp;Was kostet es, die Tapete zu entfernen<\/strong>, die Frage ist zweitrangig. Viel wichtiger ist, wie viel sparen Sie f\u00fcr das<strong>&nbsp;Tapete entfernen an Kosten?<\/strong><\/p>\n\n\n\n<div class=\"wp-block-uagb-advanced-heading uagb-block-06b06621\"><h2 class=\"uagb-heading-text\">Tapete entfernen<\/h2><p class=\"uagb-desc-text\">Studenten-Power Ruhrgebiet beauftragen<\/p><\/div>\n\n\n\n<p>Worauf warten Sie? Lassen Sie die<strong>&nbsp;alte Tapete entfernen<\/strong>&nbsp;durch ein erfahrenes und professionell arbeitendes Team. Kontaktieren Sie Studenten-Power im Ruhrgebiet und vereinbaren Sie einen Termin, um die Tapeten von den W\u00e4nden entfernen zu lassen. Erfahren Sie mehr \u00fcber die Kosten f\u00fcr das Entfernen der Tapete, Studenten-Power unterbreitet Ihnen ein Festpreisangebot. Transparent wissen Sie bereits vor Beginn der Arbeit, wie viel Sie f\u00fcr das Entfernen der Tapete bezahlen.<\/p>\n\n\n\n<p>Wir entsorgen die Tapete umweltschonend und halten uns an die gesetzlichen Vorschriften. Schreiben Sie uns, in welchen R\u00e4umen wir Ihre Tapeten entfernen sollen.<\/p>\n\n\n\n<div class=\"wp-block-uagb-container uagb-block-351b98b3 alignwide uagb-is-root-container\">\n<div class=\"wp-block-uagb-info-box uagb-block-2bfa013b uagb-infobox__content-wrap  uagb-infobox-icon-above-title uagb-infobox-image-valign-top\"><div class=\"uagb-ifb-content\"><div class=\"uagb-ifb-image-content\"><img decoding=\"async\" src=\"https:\/\/www.studenten-power.de\/nrw\/wp-content\/uploads\/sites\/2\/2025\/07\/telefon.svg\" alt=\"Telefon Icon f\u00fcr Raum NRW\" width=\"70\" height=\"70\" loading=\"lazy\" title=\"\"><\/div><div class=\"uagb-ifb-title-wrap\"><p class=\"uagb-ifb-title\"><a href=\"tel:+4923441472449\">023441472449 <\/a><\/p><\/div><p class=\"uagb-ifb-desc\"><strong>Hinweis<\/strong>: Unsere Entr\u00fcmpelungen sind <strong>kostenpflichtige<\/strong> Leistungen.<\/p><\/div><\/div>\n\n\n\n<div class=\"wp-block-uagb-container uagb-block-b55dc5b7\">\n<div class=\"wp-block-uagb-info-box uagb-block-bc7aa503 uagb-infobox__content-wrap  uagb-infobox-icon-above-title uagb-infobox-image-valign-top\"><div class=\"uagb-ifb-content\"><div class=\"uagb-ifb-image-content\"><img decoding=\"async\" src=\"https:\/\/www.studenten-power.de\/nrw\/wp-content\/uploads\/sites\/2\/2025\/07\/kontaktformular.svg\" alt=\"Kontaktformular NRW\" width=\"70\" height=\"70\" loading=\"lazy\" title=\"\"><\/div><div class=\"uagb-ifb-title-wrap\"><p class=\"uagb-ifb-title\"><a href=\"\/nrw\/kostenloses-angebot\/\">Kontaktformular<\/a><\/p><\/div><\/div><\/div>\n<\/div>\n\n\n\n<div class=\"wp-block-uagb-container uagb-block-e5dea160\">\n<div class=\"wp-block-uagb-info-box uagb-block-09a40d82 uagb-infobox__content-wrap  uagb-infobox-icon-above-title uagb-infobox-image-valign-top\"><div class=\"uagb-ifb-content\"><div class=\"uagb-ifb-image-content\"><img decoding=\"async\" src=\"https:\/\/www.studenten-power.de\/nrw\/wp-content\/uploads\/sites\/2\/2025\/07\/whatsapp.svg\" alt=\"\" width=\"60\" height=\"60\" loading=\"lazy\" title=\"\"><\/div><div class=\"uagb-ifb-title-wrap\"><p class=\"uagb-ifb-title\"><a href=\"\/nrw\/leistungen\/blitzangebot-nrw\/\">Blitzangebot via WhatsApp<\/a><\/p><\/div><div class=\"uagb-ifb-button-wrapper wp-block-button\"><a href=\"\/nrw\/leistungen\/blitzangebot-nrw\/\" target=\"_self\" onclick=\"return true;\" class=\"uagb-infobox-cta-link\" rel=\"noopener noreferrer\"><span class=\"uagb-inline-editing\">Jetzt chatten<\/span><\/a><\/div><\/div><\/div>\n<\/div>\n<\/div>\n<\/div><\/div>\n\n\n\n<div class=\"wp-block-uagb-container uagb-block-abc38d47 alignfull uagb-is-root-container\"><div class=\"uagb-container-inner-blocks-wrap\">\n<div class=\"footer-pillars-nrw\">\n  <h3>Unsere Schwerpunkte in NRW<\/h3>\n  <p>\n    <a href=\"\/nrw\/\">Entr\u00fcmpelung NRW<\/a> \u00b7 \n    <a href=\"\/nrw\/haushaltsaufloesung\/\">Haushaltsaufl\u00f6sung NRW<\/a> \u00b7 \n    <a href=\"\/nrw\/bueroaufloesung-bochum\/\">B\u00fcroaufl\u00f6sung NRW<\/a> \u00b7 \n    <a href=\"\/nrw\/leistungen\/sperrmuell-nrw\/\">Sperrm\u00fcllabholung NRW<\/a> \u00b7 \n    <a href=\"\/nrw\/leistungen\/handwerker-dienstleistungen-nrw\/\">Handwerker-Service NRW<\/a>\n  <\/p>\n<\/div>\n<\/div><\/div>\n","protected":false},"excerpt":{"rendered":"<p>Tapete entfernen leicht gemacht Wird es Zeit f\u00fcr neue Tapeten an den W\u00e4nden, m\u00fcssen die&nbsp;alten Tapeten entfernt&nbsp;werden. Tapeten einfach von [&hellip;]<\/p>\n","protected":false},"author":2,"featured_media":21731,"parent":21570,"menu_order":0,"comment_status":"open","ping_status":"open","template":"","meta":{"_uag_custom_page_level_css":"","site-sidebar-layout":"default","site-content-layout":"","ast-site-content-layout":"","site-content-style":"default","site-sidebar-style":"default","ast-global-header-display":"","ast-banner-title-visibility":"","ast-main-header-display":"","ast-hfb-above-header-display":"","ast-hfb-below-header-display":"","ast-hfb-mobile-header-display":"","site-post-title":"","ast-breadcrumbs-content":"","ast-featured-img":"disabled","footer-sml-layout":"","theme-transparent-header-meta":"","adv-header-id-meta":"","stick-header-meta":"","header-above-stick-meta":"","header-main-stick-meta":"","header-below-stick-meta":"","astra-migrate-meta-layouts":"default","ast-page-background-enabled":"default","ast-page-background-meta":{"desktop":{"background-color":"var(--ast-global-color-4)","background-image":"","background-repeat":"repeat","background-position":"center center","background-size":"auto","background-attachment":"scroll","background-type":"","background-media":"","overlay-type":"","overlay-color":"","overlay-opacity":"","overlay-gradient":""},"tablet":{"background-color":"","background-image":"","background-repeat":"repeat","background-position":"center center","background-size":"auto","background-attachment":"scroll","background-type":"","background-media":"","overlay-type":"","overlay-color":"","overlay-opacity":"","overlay-gradient":""},"mobile":{"background-color":"","background-image":"","background-repeat":"repeat","background-position":"center center","background-size":"auto","background-attachment":"scroll","background-type":"","background-media":"","overlay-type":"","overlay-color":"","overlay-opacity":"","overlay-gradient":""}},"ast-content-background-meta":{"desktop":{"background-color":"var(--ast-global-color-5)","background-image":"","background-repeat":"repeat","background-position":"center center","background-size":"auto","background-attachment":"scroll","background-type":"","background-media":"","overlay-type":"","overlay-color":"","overlay-opacity":"","overlay-gradient":""},"tablet":{"background-color":"var(--ast-global-color-5)","background-image":"","background-repeat":"repeat","background-position":"center center","background-size":"auto","background-attachment":"scroll","background-type":"","background-media":"","overlay-type":"","overlay-color":"","overlay-opacity":"","overlay-gradient":""},"mobile":{"background-color":"var(--ast-global-color-5)","background-image":"","background-repeat":"repeat","background-position":"center center","background-size":"auto","background-attachment":"scroll","background-type":"","background-media":"","overlay-type":"","overlay-color":"","overlay-opacity":"","overlay-gradient":""}},"footnotes":""},"class_list":["post-21603","page","type-page","status-publish","has-post-thumbnail","hentry"],"uagb_featured_image_src":{"full":["https:\/\/www.studenten-power.de\/nrw\/wp-content\/uploads\/sites\/2\/2024\/03\/tapete-entfernen-bochum-duesseldorf-dortmund-essen.png",500,500,false],"thumbnail":["https:\/\/www.studenten-power.de\/nrw\/wp-content\/uploads\/sites\/2\/2024\/03\/tapete-entfernen-bochum-duesseldorf-dortmund-essen-150x150.png",150,150,true],"medium":["https:\/\/www.studenten-power.de\/nrw\/wp-content\/uploads\/sites\/2\/2024\/03\/tapete-entfernen-bochum-duesseldorf-dortmund-essen-300x300.png",300,300,true],"medium_large":["https:\/\/www.studenten-power.de\/nrw\/wp-content\/uploads\/sites\/2\/2024\/03\/tapete-entfernen-bochum-duesseldorf-dortmund-essen.png",500,500,false],"large":["https:\/\/www.studenten-power.de\/nrw\/wp-content\/uploads\/sites\/2\/2024\/03\/tapete-entfernen-bochum-duesseldorf-dortmund-essen.png",500,500,false],"1536x1536":["https:\/\/www.studenten-power.de\/nrw\/wp-content\/uploads\/sites\/2\/2024\/03\/tapete-entfernen-bochum-duesseldorf-dortmund-essen.png",500,500,false],"2048x2048":["https:\/\/www.studenten-power.de\/nrw\/wp-content\/uploads\/sites\/2\/2024\/03\/tapete-entfernen-bochum-duesseldorf-dortmund-essen.png",500,500,false]},"uagb_author_info":{"display_name":"Power-Redakteur","author_link":"https:\/\/www.studenten-power.de\/nrw\/author\/merttuerk\/"},"uagb_comment_info":0,"uagb_excerpt":"Tapete entfernen leicht gemacht Wird es Zeit f\u00fcr neue Tapeten an den W\u00e4nden, m\u00fcssen die&nbsp;alten Tapeten entfernt&nbsp;werden. Tapeten einfach von [&hellip;]","_links":{"self":[{"href":"https:\/\/www.studenten-power.de\/nrw\/wp-json\/wp\/v2\/pages\/21603","targetHints":{"allow":["GET"]}}],"collection":[{"href":"https:\/\/www.studenten-power.de\/nrw\/wp-json\/wp\/v2\/pages"}],"about":[{"href":"https:\/\/www.studenten-power.de\/nrw\/wp-json\/wp\/v2\/types\/page"}],"author":[{"embeddable":true,"href":"https:\/\/www.studenten-power.de\/nrw\/wp-json\/wp\/v2\/users\/2"}],"replies":[{"embeddable":true,"href":"https:\/\/www.studenten-power.de\/nrw\/wp-json\/wp\/v2\/comments?post=21603"}],"version-history":[{"count":0,"href":"https:\/\/www.studenten-power.de\/nrw\/wp-json\/wp\/v2\/pages\/21603\/revisions"}],"up":[{"embeddable":true,"href":"https:\/\/www.studenten-power.de\/nrw\/wp-json\/wp\/v2\/pages\/21570"}],"wp:featuredmedia":[{"embeddable":true,"href":"https:\/\/www.studenten-power.de\/nrw\/wp-json\/wp\/v2\/media\/21731"}],"wp:attachment":[{"href":"https:\/\/www.studenten-power.de\/nrw\/wp-json\/wp\/v2\/media?parent=21603"}],"curies":[{"name":"wp","href":"https:\/\/api.w.org\/{rel}","templated":true}]}}