{"id":19,"date":"2021-06-03T17:34:53","date_gmt":"2021-06-03T15:34:53","guid":{"rendered":"https:\/\/www.studenten-power.de\/stuttgart\/kostenloses-angebot\/"},"modified":"2026-01-20T19:41:42","modified_gmt":"2026-01-20T18:41:42","slug":"kostenloses-angebot","status":"publish","type":"page","link":"https:\/\/www.studenten-power.de\/stuttgart\/kostenloses-angebot\/","title":{"rendered":"Angebot via Kontaktformular"},"content":{"rendered":"\n<div class=\"wp-block-uagb-container uagb-block-f929f633 alignfull uagb-is-root-container\"><div class=\"uagb-container-inner-blocks-wrap\">\n<p class=\"has-text-align-center\">Sie sind nur noch einen Schritt entfernt, f\u00fcr eine<br>schnelle &amp; zuverl\u00e4ssige Entr\u00fcmpelung.<br><a href=\"mailto:stuttgart@studenten-power.de\">stuttgart@studenten-power.de<\/a><\/p>\n\n\n<div class='fluentform ff-inherit-theme-style fluentform_wrapper_3  ff_guten_block ff_guten_block-3'><form data-form_id=\"3\" id=\"fluentform_3\" class=\"frm-fluent-form fluent_form_3 ff-el-form-top ff_form_instance_3_1 ff-form-loading ffs_inherit_theme\" data-form_instance=\"ff_form_instance_3_1\" method=\"POST\" ><fieldset  style=\"border: none!important;margin: 0!important;padding: 0!important;background-color: transparent!important;box-shadow: none!important;outline: none!important; min-inline-size: 100%;\">\n                    <legend class=\"ff_screen_reader_title\" style=\"display: block; margin: 0!important;padding: 0!important;height: 0!important;text-indent: -999999px;width: 0!important;overflow:hidden;\">Kontaktformular<\/legend>        <div\n                style=\"display: none!important; position: absolute!important; transform: translateX(1000%)!important;\"\n                class=\"ff-el-group ff-hpsf-container\"\n        >\n            <div class=\"ff-el-input--label asterisk-right\">\n                <label for=\"ff_3_item_sf\" aria-label=\"Contact\">\n                    Contact                <\/label>\n            <\/div>\n            <div class=\"ff-el-input--content\">\n                <input type=\"text\"\n                       name=\"item_3__fluent_sf\"\n                       class=\"ff-el-form-control\"\n                       id=\"ff_3_item_sf\"\n                \/>\n            <\/div>\n        <\/div>\n                <input type=\"hidden\" id=\"__fluent_protection_token_3\" class=\"fluent-form-token-field\" name=\"__fluent_protection_token_3\">\n        <input type='hidden' name='__fluent_form_embded_post_id' value='19' \/><input type=\"hidden\" id=\"_fluentform_3_fluentformnonce\" name=\"_fluentform_3_fluentformnonce\" value=\"e43759dbd0\" \/><input type=\"hidden\" name=\"_wp_http_referer\" value=\"\/stuttgart\/wp-json\/wp\/v2\/pages\/19\" \/><div class='ff-el-group'><div class=\"ff-el-input--label ff-el-is-required asterisk-right\"><label for='ff_3_anrede' id='label_ff_3_anrede' aria-label=\"Anrede\">Anrede<\/label><\/div><div class='ff-el-input--content'><select name=\"anrede\" class=\"ff-el-form-control\" id=\"ff_3_anrede\" data-name=\"anrede\" data-calc_value=\"0\" tabindex=\"1\"  aria-invalid=\"false\" aria-required=\"true\" aria-labelledby=\"label_ff_3_anrede\"><option value=\"\">&#8211; Bitte ausw\u00e4hlen &#8211;<\/option><option value=\"Frau\"  >Frau<\/option><option value=\"Herr\"  >Herr<\/option><\/select><\/div><\/div><div data-name=\"ff_cn_id_1\"  class='ff-t-container ff-column-container ff_columns_total_2 '><div class='ff-t-cell ff-t-column-1' style='flex-basis: 49.34%;'><div class='ff-el-group'><div class=\"ff-el-input--label ff-el-is-required asterisk-right\"><label for='ff_3_name' id='label_ff_3_name' >Ihr Name<\/label><div class=\"ff-el-tooltip\" data-content=\"Bitte Ihren Namen eingeben\"><svg width=\"16\" height=\"16\" viewBox=\"0 0 25 25\"><path d=\"m329 393l0-46c0-2-1-4-2-6-2-2-4-3-7-3l-27 0 0-146c0-3-1-5-3-7-2-1-4-2-7-2l-91 0c-3 0-5 1-7 2-1 2-2 4-2 7l0 46c0 2 1 5 2 6 2 2 4 3 7 3l27 0 0 91-27 0c-3 0-5 1-7 3-1 2-2 4-2 6l0 46c0 3 1 5 2 7 2 1 4 2 7 2l128 0c3 0 5-1 7-2 1-2 2-4 2-7z m-36-256l0-46c0-2-1-4-3-6-2-2-4-3-7-3l-54 0c-3 0-5 1-7 3-2 2-3 4-3 6l0 46c0 3 1 5 3 7 2 1 4 2 7 2l54 0c3 0 5-1 7-2 2-2 3-4 3-7z m182 119c0 40-9 77-29 110-20 34-46 60-80 80-33 20-70 29-110 29-40 0-77-9-110-29-34-20-60-46-80-80-20-33-29-70-29-110 0-40 9-77 29-110 20-34 46-60 80-80 33-20 70-29 110-29 40 0 77 9 110 29 34 20 60 46 80 80 20 33 29 70 29 110z\" transform=\"scale(0.046875 0.046875)\"><\/path><\/svg><\/div><\/div><div class='ff-el-input--content'><input type=\"text\" name=\"name\" class=\"ff-el-form-control\" id=\"ff_3_name\" data-name=\"name\" tabindex=\"2\"  aria-invalid=\"false\" aria-required=true><\/div><\/div><\/div><div class='ff-t-cell ff-t-column-2' style='flex-basis: 50.66%;'><div class='ff-el-group'><div class=\"ff-el-input--label ff-el-is-required asterisk-right\"><label for='ff_3_email' id='label_ff_3_email' aria-label=\"Ihre E-Mail-Adresse\">Ihre E-Mail-Adresse<\/label><div class=\"ff-el-tooltip\" data-content=\"Bitte Ihre E-Mail-Adresse eingeben\"><svg width=\"16\" height=\"16\" viewBox=\"0 0 25 25\"><path d=\"m329 393l0-46c0-2-1-4-2-6-2-2-4-3-7-3l-27 0 0-146c0-3-1-5-3-7-2-1-4-2-7-2l-91 0c-3 0-5 1-7 2-1 2-2 4-2 7l0 46c0 2 1 5 2 6 2 2 4 3 7 3l27 0 0 91-27 0c-3 0-5 1-7 3-1 2-2 4-2 6l0 46c0 3 1 5 2 7 2 1 4 2 7 2l128 0c3 0 5-1 7-2 1-2 2-4 2-7z m-36-256l0-46c0-2-1-4-3-6-2-2-4-3-7-3l-54 0c-3 0-5 1-7 3-2 2-3 4-3 6l0 46c0 3 1 5 3 7 2 1 4 2 7 2l54 0c3 0 5-1 7-2 2-2 3-4 3-7z m182 119c0 40-9 77-29 110-20 34-46 60-80 80-33 20-70 29-110 29-40 0-77-9-110-29-34-20-60-46-80-80-20-33-29-70-29-110 0-40 9-77 29-110 20-34 46-60 80-80 33-20 70-29 110-29 40 0 77 9 110 29 34 20 60 46 80 80 20 33 29 70 29 110z\" transform=\"scale(0.046875 0.046875)\"><\/path><\/svg><\/div><\/div><div class='ff-el-input--content'><input type=\"email\" name=\"email\" class=\"ff-el-form-control\" id=\"ff_3_email\" data-name=\"email\" tabindex=\"3\"  aria-invalid=\"false\" aria-required=true><\/div><\/div><\/div><\/div><div data-name=\"ff_cn_id_2\"  class='ff-t-container ff-column-container ff_columns_total_2 '><div class='ff-t-cell ff-t-column-1' style='flex-basis: 50%;'><div class='ff-el-group'><div class=\"ff-el-input--label ff-el-is-required asterisk-right\"><label for='ff_3_adresse' id='label_ff_3_adresse' aria-label=\"Stra\u00dfe &amp; Nr.\">Stra\u00dfe &amp; Nr.<\/label><div class=\"ff-el-tooltip\" data-content=\"Wohnanschrift\"><svg width=\"16\" height=\"16\" viewBox=\"0 0 25 25\"><path d=\"m329 393l0-46c0-2-1-4-2-6-2-2-4-3-7-3l-27 0 0-146c0-3-1-5-3-7-2-1-4-2-7-2l-91 0c-3 0-5 1-7 2-1 2-2 4-2 7l0 46c0 2 1 5 2 6 2 2 4 3 7 3l27 0 0 91-27 0c-3 0-5 1-7 3-1 2-2 4-2 6l0 46c0 3 1 5 2 7 2 1 4 2 7 2l128 0c3 0 5-1 7-2 1-2 2-4 2-7z m-36-256l0-46c0-2-1-4-3-6-2-2-4-3-7-3l-54 0c-3 0-5 1-7 3-2 2-3 4-3 6l0 46c0 3 1 5 3 7 2 1 4 2 7 2l54 0c3 0 5-1 7-2 2-2 3-4 3-7z m182 119c0 40-9 77-29 110-20 34-46 60-80 80-33 20-70 29-110 29-40 0-77-9-110-29-34-20-60-46-80-80-20-33-29-70-29-110 0-40 9-77 29-110 20-34 46-60 80-80 33-20 70-29 110-29 40 0 77 9 110 29 34 20 60 46 80 80 20 33 29 70 29 110z\" transform=\"scale(0.046875 0.046875)\"><\/path><\/svg><\/div><\/div><div class='ff-el-input--content'><input type=\"text\" name=\"adresse\" class=\"ff-el-form-control\" id=\"ff_3_adresse\" data-name=\"adresse\" tabindex=\"4\"  aria-invalid=\"false\" aria-required=true><\/div><\/div><\/div><div class='ff-t-cell ff-t-column-2' style='flex-basis: 50%;'><div class='ff-el-group'><div class=\"ff-el-input--label ff-el-is-required asterisk-right\"><label for='ff_3_plz_ort' id='label_ff_3_plz_ort' aria-label=\"PLZ Ort\">PLZ Ort<\/label><\/div><div class='ff-el-input--content'><input type=\"text\" name=\"plz_ort\" class=\"ff-el-form-control\" id=\"ff_3_plz_ort\" data-name=\"plz_ort\" tabindex=\"5\"  aria-invalid=\"false\" aria-required=true><\/div><\/div><\/div><\/div><div data-name=\"ff_cn_id_3\"  class='ff-t-container ff-column-container ff_columns_total_2 '><div class='ff-t-cell ff-t-column-1' style='flex-basis: 50%;'><div class='ff-el-group'><div class=\"ff-el-input--label asterisk-right\"><label for='ff_3_telefon' id='label_ff_3_telefon' aria-label=\"Telefon\">Telefon<\/label><\/div><div class='ff-el-input--content'><input name=\"telefon\" id=\"ff_3_telefon\" class=\"ff-el-form-control ff-el-phone ff_el_with_extended_validation\" type=\"tel\" data-name=\"telefon\" tabindex=\"6\" inputmode=\"tel\"  aria-invalid='false' aria-required=false><\/div><\/div><\/div><div class='ff-t-cell ff-t-column-2' style='flex-basis: 50%;'><div class='ff-el-group'><div class=\"ff-el-input--label ff-el-is-required asterisk-right\"><label for='ff_3_anliegen' id='label_ff_3_anliegen' aria-label=\"Mein Anliegen bezieht sich auf:\">Mein Anliegen bezieht sich auf:<\/label><\/div><div class='ff-el-input--content'><select name=\"anliegen\" class=\"ff-el-form-control\" id=\"ff_3_anliegen\" data-name=\"anliegen\" data-calc_value=\"0\" tabindex=\"7\"  aria-invalid=\"false\" aria-required=\"true\" aria-labelledby=\"label_ff_3_anliegen\"><option value=\"\">&#8211; Bitte ausw\u00e4hlen &#8211;<\/option><option value=\"Wohnungsaufl\u00f6sung\/Gesch\u00e4ftsaufl\u00f6sung\"  >Wohnungsaufl\u00f6sung\/Gesch\u00e4ftsaufl\u00f6sung<\/option><option value=\"Sperrm\u00fcll Abholung\"  >Sperrm\u00fcll Abholung<\/option><option value=\"Keller-\/Dachboden Entr\u00fcmpelung\"  >Keller-\/Dachboden Entr\u00fcmpelung<\/option><option value=\"Handwerkerdienstleistung\"  >Handwerkerdienstleistung<\/option><option value=\"Sonstiges\"  >Sonstiges<\/option><\/select><\/div><\/div><\/div><\/div><div data-name=\"ff_cn_id_4\"  class='ff-t-container ff-column-container ff_columns_total_2 '><div class='ff-t-cell ff-t-column-1' style='flex-basis: 50%;'><div class='ff-el-group'><div class=\"ff-el-input--label asterisk-right\"><label for='ff_3_fahrstuhl' id='label_ff_3_fahrstuhl' aria-label=\"Fahrstuhl vorhanden\">Fahrstuhl vorhanden<\/label><\/div><div class='ff-el-input--content'><select name=\"fahrstuhl\" class=\"ff-el-form-control\" id=\"ff_3_fahrstuhl\" data-name=\"fahrstuhl\" data-calc_value=\"0\" tabindex=\"8\"  aria-invalid=\"false\" aria-required=\"false\" aria-labelledby=\"label_ff_3_fahrstuhl\"><option value=\"\">&#8211; Bitte ausw\u00e4hlen &#8211;<\/option><option value=\"Nein\"  >Nein<\/option><option value=\"Ja\"  >Ja<\/option><\/select><\/div><\/div><\/div><div class='ff-t-cell ff-t-column-2' style='flex-basis: 50%;'><div class='ff-el-group'><div class=\"ff-el-input--label asterisk-right\"><label for='ff_3_etage' id='label_ff_3_etage' aria-label=\"Etage\">Etage<\/label><\/div><div class='ff-el-input--content'><select name=\"etage\" class=\"ff-el-form-control\" id=\"ff_3_etage\" data-name=\"etage\" data-calc_value=\"0\" tabindex=\"9\"  aria-invalid=\"false\" aria-required=\"false\" aria-labelledby=\"label_ff_3_etage\"><option value=\"\">&#8211; Bitte ausw\u00e4hlen &#8211;<\/option><option value=\"Keller\"  >Keller<\/option><option value=\"Erdgescho\u00df\"  >Erdgescho\u00df<\/option><option value=\"1.OG\"  >1.OG<\/option><option value=\"2.OG\"  >2.OG<\/option><option value=\"3.OG\"  >3.OG<\/option><option value=\"4.OG\"  >4.OG<\/option><option value=\"5.OG\"  >5.OG<\/option><option value=\"6.OG\"  >6.OG<\/option><option value=\"7.OG\"  >7.OG<\/option><option value=\"8.OG\"  >8.OG<\/option><option value=\"9.OG\"  >9.OG<\/option><option value=\"10.OG\"  >10.OG<\/option><option value=\"11.OG\"  >11.OG<\/option><option value=\"12.OG\"  >12.OG<\/option><option value=\"13.OG\"  >13.OG<\/option><option value=\"14.OG\"  >14.OG<\/option><option value=\"15.OG\"  >15.OG<\/option><option value=\"16.OG\"  >16.OG<\/option><option value=\"17.OG\"  >17.OG<\/option><option value=\"18.OG\"  >18.OG<\/option><option value=\"19.OG\"  >19.OG<\/option><option value=\"20.OG und h\u00f6her\"  >20.OG und h\u00f6her<\/option><\/select><\/div><\/div><\/div><\/div><div data-name=\"ff_cn_id_5\"  class='ff-t-container ff-column-container ff_columns_total_2 '><div class='ff-t-cell ff-t-column-1' style='flex-basis: 50%;'><div class='ff-el-group'><div class=\"ff-el-input--label asterisk-right\"><label for='ff_3_wunschtermin' id='label_ff_3_wunschtermin' aria-label=\"Wunschtermin\">Wunschtermin<\/label><\/div><div class='ff-el-input--content'><input  aria-label='Wunschtermin Use arrow keys to navigate dates. Press enter to select a date.'  aria-haspopup='dialog' data-type-datepicker data-format='d.m.Y' name=\"wunschtermin\" type=\"text\" class=\"ff-el-form-control ff-el-datepicker\" id=\"ff_3_wunschtermin\" data-name=\"wunschtermin\" tabindex=\"10\"  aria-invalid='false' aria-required=false><\/div><\/div><\/div><div class='ff-t-cell ff-t-column-2' style='flex-basis: 50%;'><div class='ff-el-group'><div class=\"ff-el-input--label asterisk-right\"><label for='ff_3_wunschuhrzeit' id='label_ff_3_wunschuhrzeit' aria-label=\"Wunschuhrzeit\">Wunschuhrzeit<\/label><\/div><div class='ff-el-input--content'><select name=\"wunschuhrzeit\" class=\"ff-el-form-control\" id=\"ff_3_wunschuhrzeit\" data-name=\"wunschuhrzeit\" data-calc_value=\"0\" tabindex=\"11\"  aria-invalid=\"false\" aria-required=\"false\" aria-labelledby=\"label_ff_3_wunschuhrzeit\"><option value=\"\">&#8211; Bitte ausw\u00e4hlen &#8211;<\/option><option value=\"zwischen 9:00 und 12:00 Uhr\"  >zwischen 9:00 und 12:00 Uhr<\/option><option value=\"zwischen 11:00 und 14:00 Uhr\"  >zwischen 11:00 und 14:00 Uhr<\/option><option value=\"zwischen 13:00 und 16:00 Uhr\"  >zwischen 13:00 und 16:00 Uhr<\/option><option value=\"Ich bin zeitlich flexibel\"  >Ich bin zeitlich flexibel<\/option><\/select><\/div><\/div><\/div><\/div><div class='ff-el-group'><div class=\"ff-el-input--label ff-el-is-required asterisk-right\"><label for='ff_3_message' id='label_ff_3_message' aria-label=\"Ihre Nachricht\">Ihre Nachricht<\/label><\/div><div class='ff-el-input--content'><textarea aria-required=\"true\" aria-labelledby=\"label_ff_3_message\" name=\"message\" class=\"ff-el-form-control\" id=\"ff_3_message\" cols=\"5\" data-name=\"message\" tabindex=\"12\" ><\/textarea><\/div><\/div><div class='ff-el-group'><div class=\"ff-el-input--label asterisk-right\"><label for='ff_3_dateien_1' id='label_ff_3_dateien_1' aria-label=\"Fotos oder Videos senden (max. 10 MB pro Datei)\">Fotos oder Videos senden (max. 10 MB pro Datei)<\/label><\/div><div class='ff-el-input--content'><label for='ff_3_dateien_1' class='ff_file_upload_holder'><span class='ff_upload_btn ff-btn' tabindex='0'>Datei hochladen<\/span> <input type=\"file\" name=\"dateien\" id=\"ff_3_dateien_1\" class=\"ff-el-form-control  ff-screen-reader-element\" data-name=\"dateien\" multiple=\"1\" tabindex=\"13\"  aria-invalid='false' aria-required=false><\/label><\/div><\/div><div class='ff-el-group    ff-el-input--content'><div class='ff-el-form-check ff-el-tc'><label aria-label='Terms and Conditions: Ich habe die Datenschutzerkl\u00e4rung gelesen und bin damit einverstanden, dass meine Anfrage zur Bearbeitung an Studenten-Power Stuttgart weitergeleitet wird. Contains 1 link. Use tab navigation to review.' class='ff-el-form-check-label ff_tc_label' for=datenschutzerklaerung_c3275449a94b8a0940fe22c9fcafd306><span class='ff_tc_checkbox'><input type=\"checkbox\" name=\"datenschutzerklaerung\" class=\"ff-el-form-check-input\" data-name=\"datenschutzerklaerung\" id=\"datenschutzerklaerung_c3275449a94b8a0940fe22c9fcafd306\" tabindex=\"14\"  value='on' aria-invalid='false' aria-required=true><\/span> <div class='ff_t_c'><p>Ich habe die <a href=\"https:\/\/www.studenten-power.de\/stuttgart\/datenschutzerklaerung\/\" target=\"_blank\" rel=\"noopener\">Datenschutzerkl\u00e4rung<\/a> gelesen und bin damit einverstanden, dass meine Anfrage zur Bearbeitung an Studenten-Power Stuttgart weitergeleitet wird.<\/p><\/div><\/label><\/div><\/div><div class='ff-el-group  newsletter  ff-el-input--content'><div class='ff-el-form-check ff-el-tc'><label aria-label='Terms and Conditions: Ich m\u00f6chte den kostenlosen Newsletter erhalten und willige in die Verarbeitung meiner E-Mail-Adresse gem\u00e4\u00df Datenschutzerkl\u00e4rung ein. Abmeldung jederzeit m\u00f6glich. Contains 1 link. Use tab navigation to review.' class='ff-el-form-check-label ff_tc_label' for=newsletter_93fdf29dffe9f898eff4b73c417ac6f0><span class='ff_tc_checkbox'><input type=\"checkbox\" name=\"newsletter\" class=\"ff-el-form-check-input\" data-name=\"newsletter\" id=\"newsletter_93fdf29dffe9f898eff4b73c417ac6f0\" tabindex=\"15\"  value='on' aria-invalid='false' aria-required=false><\/span> <div class='ff_t_c'><p>Ich m\u00f6chte den kostenlosen Newsletter erhalten und willige in die Verarbeitung meiner E-Mail-Adresse gem\u00e4\u00df <a href=\"\/stuttgart\/datenschutzerklaerung\/\">Datenschutzerkl\u00e4rung<\/a> ein. Abmeldung jederzeit m\u00f6glich.<\/p><\/div><\/label><\/div><\/div><div class='ff-el-group ff-text-left ff_submit_btn_wrapper'><button type=\"submit\" class=\"ff-btn ff-btn-submit ff-btn-md ff_btn_no_style\" tabindex=\"16\"  aria-label=\"Senden\">Senden<\/button><\/div><\/fieldset><\/form><div id='fluentform_3_errors' class='ff-errors-in-stack ff_form_instance_3_1 ff-form-loading_errors ff_form_instance_3_1_errors'><\/div><\/div>            <script type=\"text\/javascript\">\n                window.fluent_form_ff_form_instance_3_1 = {\"id\":\"3\",\"settings\":{\"layout\":{\"labelPlacement\":\"top\",\"asteriskPlacement\":\"asterisk-right\",\"helpMessagePlacement\":\"with_label\",\"errorMessagePlacement\":\"inline\",\"cssClassName\":\"\"},\"restrictions\":{\"denyEmptySubmission\":{\"enabled\":false}}},\"form_instance\":\"ff_form_instance_3_1\",\"form_id_selector\":\"fluentform_3\",\"rules\":{\"anrede\":{\"required\":{\"value\":true,\"message\":\"Angaben in diesem Feld sind erforderlich\",\"global\":true,\"global_message\":\"Angaben in diesem Feld sind erforderlich\"}},\"name\":{\"required\":{\"value\":true,\"message\":\"Angaben in diesem Feld sind erforderlich\",\"global\":true,\"global_message\":\"Angaben in diesem Feld sind erforderlich\"}},\"email\":{\"required\":{\"value\":true,\"message\":\"Angaben in diesem Feld sind erforderlich\",\"global\":true,\"global_message\":\"Angaben in diesem Feld sind erforderlich\"},\"email\":{\"value\":true,\"message\":\"Dieses Feld muss eine g\\u00fcltige E-Mail-Adresse beinhalten\",\"global\":true,\"global_message\":\"Dieses Feld muss eine g\\u00fcltige E-Mail-Adresse beinhalten\"}},\"adresse\":{\"required\":{\"value\":true,\"message\":\"Angaben in diesem Feld sind erforderlich\",\"global\":true,\"global_message\":\"Angaben in diesem Feld sind erforderlich\"}},\"plz_ort\":{\"required\":{\"value\":true,\"message\":\"Angaben in diesem Feld sind erforderlich\",\"global\":true,\"global_message\":\"Angaben in diesem Feld sind erforderlich\"}},\"telefon\":{\"required\":{\"value\":false,\"message\":\"This field is required\",\"global\":false,\"global_message\":\"Angaben in diesem Feld sind erforderlich\"},\"valid_phone_number\":{\"value\":true,\"message\":\"Telefonnummer ist ung\\u00fcltig\",\"global\":true,\"global_message\":\"Telefonnummer ist ung\\u00fcltig\"}},\"anliegen\":{\"required\":{\"value\":true,\"message\":\"Angaben in diesem Feld sind erforderlich\",\"global\":true,\"global_message\":\"Angaben in diesem Feld sind erforderlich\"}},\"fahrstuhl\":{\"required\":{\"value\":false,\"message\":\"This field is required\",\"global\":false,\"global_message\":\"Angaben in diesem Feld sind erforderlich\"}},\"etage\":{\"required\":{\"value\":false,\"message\":\"This field is required\",\"global\":false,\"global_message\":\"Angaben in diesem Feld sind erforderlich\"}},\"wunschtermin\":{\"required\":{\"value\":false,\"message\":\"This field is required\",\"global\":false,\"global_message\":\"Angaben in diesem Feld sind erforderlich\"}},\"wunschuhrzeit\":{\"required\":{\"value\":false,\"message\":\"This field is required\",\"global\":false,\"global_message\":\"Angaben in diesem Feld sind erforderlich\"}},\"message\":{\"required\":{\"value\":true,\"message\":\"Angaben in diesem Feld sind erforderlich\",\"global\":true,\"global_message\":\"Angaben in diesem Feld sind erforderlich\"}},\"dateien\":{\"required\":{\"value\":false,\"message\":\"This field is required\",\"global\":false,\"global_message\":\"Angaben in diesem Feld sind erforderlich\"},\"max_file_size\":{\"value\":10485760,\"_valueFrom\":\"MB\",\"message\":\"Maximale Dateigr\\u00f6\\u00dfe \\u00fcberschritten\",\"global\":true,\"global_message\":\"Maximale Dateigr\\u00f6\\u00dfe \\u00fcberschritten\"},\"max_file_count\":{\"value\":\"20\",\"message\":\"Maximale Dateigr\\u00f6\\u00dfe \\u00fcberschritten\",\"global\":true,\"global_message\":\"Maximale Dateigr\\u00f6\\u00dfe \\u00fcberschritten\"},\"allowed_file_types\":{\"value\":[\"mp3|wav|ogg|oga|wma|mka|m4a|ra|mid|midi|mpga\",\"jpg|jpeg|gif|png|bmp\",\"avi|divx|flv|mov|ogv|mkv|mp4|m4v|divx|mpg|mpeg|mpe|video\\\/quicktime|qt\",\"pdf\"],\"message\":\"Ung\\u00fcltiges Dateiformat\",\"global\":true,\"global_message\":\"Ung\\u00fcltiges Dateiformat\"}},\"datenschutzerklaerung\":{\"required\":{\"value\":true,\"message\":\"Das ist ein Pflichtfeld.\",\"global\":false,\"global_message\":\"Angaben in diesem Feld sind erforderlich\"}},\"newsletter\":{\"required\":{\"value\":false,\"message\":\"Angaben in diesem Feld sind erforderlich\",\"global_message\":\"Angaben in diesem Feld sind erforderlich\",\"global\":true}}},\"debounce_time\":300};\n                            <\/script>\n            <\/div><\/div>\n","protected":false},"excerpt":{"rendered":"<p>Sie sind nur noch einen Schritt entfernt, f\u00fcr eineschnelle &amp; zuverl\u00e4ssige Entr\u00fcmpelung.stuttgart@studenten-power.de<\/p>\n","protected":false},"author":2,"featured_media":0,"parent":0,"menu_order":1,"comment_status":"open","ping_status":"open","template":"","meta":{"_uag_custom_page_level_css":"","site-sidebar-layout":"default","site-content-layout":"","ast-site-content-layout":"","site-content-style":"default","site-sidebar-style":"default","ast-global-header-display":"","ast-banner-title-visibility":"","ast-main-header-display":"","ast-hfb-above-header-display":"","ast-hfb-below-header-display":"","ast-hfb-mobile-header-display":"","site-post-title":"","ast-breadcrumbs-content":"","ast-featured-img":"","footer-sml-layout":"disabled","theme-transparent-header-meta":"","adv-header-id-meta":"","stick-header-meta":"","header-above-stick-meta":"","header-main-stick-meta":"","header-below-stick-meta":"","astra-migrate-meta-layouts":"default","ast-page-background-enabled":"default","ast-page-background-meta":{"desktop":{"background-color":"var(--ast-global-color-4)","background-image":"","background-repeat":"repeat","background-position":"center center","background-size":"auto","background-attachment":"scroll","background-type":"","background-media":"","overlay-type":"","overlay-color":"","overlay-opacity":"","overlay-gradient":""},"tablet":{"background-color":"","background-image":"","background-repeat":"repeat","background-position":"center center","background-size":"auto","background-attachment":"scroll","background-type":"","background-media":"","overlay-type":"","overlay-color":"","overlay-opacity":"","overlay-gradient":""},"mobile":{"background-color":"","background-image":"","background-repeat":"repeat","background-position":"center center","background-size":"auto","background-attachment":"scroll","background-type":"","background-media":"","overlay-type":"","overlay-color":"","overlay-opacity":"","overlay-gradient":""}},"ast-content-background-meta":{"desktop":{"background-color":"var(--ast-global-color-5)","background-image":"","background-repeat":"repeat","background-position":"center center","background-size":"auto","background-attachment":"scroll","background-type":"","background-media":"","overlay-type":"","overlay-color":"","overlay-opacity":"","overlay-gradient":""},"tablet":{"background-color":"var(--ast-global-color-5)","background-image":"","background-repeat":"repeat","background-position":"center center","background-size":"auto","background-attachment":"scroll","background-type":"","background-media":"","overlay-type":"","overlay-color":"","overlay-opacity":"","overlay-gradient":""},"mobile":{"background-color":"var(--ast-global-color-5)","background-image":"","background-repeat":"repeat","background-position":"center center","background-size":"auto","background-attachment":"scroll","background-type":"","background-media":"","overlay-type":"","overlay-color":"","overlay-opacity":"","overlay-gradient":""}},"footnotes":""},"class_list":["post-19","page","type-page","status-publish","hentry"],"uagb_featured_image_src":{"full":false,"thumbnail":false,"medium":false,"medium_large":false,"large":false,"1536x1536":false,"2048x2048":false},"uagb_author_info":{"display_name":"Power-Redakteur","author_link":"https:\/\/www.studenten-power.de\/stuttgart\/author\/merttuerk\/"},"uagb_comment_info":0,"uagb_excerpt":"Sie sind nur noch einen Schritt entfernt, f\u00fcr eineschnelle &amp; zuverl\u00e4ssige Entr\u00fcmpelung.stuttgart@studenten-power.de","_links":{"self":[{"href":"https:\/\/www.studenten-power.de\/stuttgart\/wp-json\/wp\/v2\/pages\/19","targetHints":{"allow":["GET"]}}],"collection":[{"href":"https:\/\/www.studenten-power.de\/stuttgart\/wp-json\/wp\/v2\/pages"}],"about":[{"href":"https:\/\/www.studenten-power.de\/stuttgart\/wp-json\/wp\/v2\/types\/page"}],"author":[{"embeddable":true,"href":"https:\/\/www.studenten-power.de\/stuttgart\/wp-json\/wp\/v2\/users\/2"}],"replies":[{"embeddable":true,"href":"https:\/\/www.studenten-power.de\/stuttgart\/wp-json\/wp\/v2\/comments?post=19"}],"version-history":[{"count":0,"href":"https:\/\/www.studenten-power.de\/stuttgart\/wp-json\/wp\/v2\/pages\/19\/revisions"}],"wp:attachment":[{"href":"https:\/\/www.studenten-power.de\/stuttgart\/wp-json\/wp\/v2\/media?parent=19"}],"curies":[{"name":"wp","href":"https:\/\/api.w.org\/{rel}","templated":true}]}}