{"id":30,"date":"2022-10-27T18:55:30","date_gmt":"2022-10-27T16:55:30","guid":{"rendered":"https:\/\/www.studenten-power.de\/stuttgart\/waschmaschine-entsorgen-stuttgart\/"},"modified":"2026-03-28T23:18:24","modified_gmt":"2026-03-28T22:18:24","slug":"waschmaschine-entsorgen-stuttgart","status":"publish","type":"page","link":"https:\/\/www.studenten-power.de\/stuttgart\/waschmaschine-entsorgen-stuttgart\/","title":{"rendered":"Waschmaschine entsorgen in Stuttgart? Wir \u00fcbernehmen das!"},"content":{"rendered":"\n<div class=\"wp-block-uagb-container uagb-block-8e5ec7a8 alignfull uagb-is-root-container\"><div class=\"uagb-container-inner-blocks-wrap\">\n<div class=\"wp-block-uagb-container uagb-block-7357a9aa\">\n<div class=\"wp-block-uagb-container uagb-block-c61c6dff alignfull uagb-is-root-container\"><div class=\"uagb-container-inner-blocks-wrap\">\n<div class=\"wp-block-uagb-info-box uagb-block-cb0f451c uagb-infobox__content-wrap  uagb-infobox-icon-left-title uagb-infobox-left uagb-infobox-image-valign-middle\"><div class=\"uagb-ifb-content\"><div class=\"uagb-ifb-left-title-image\"><div class=\"uagb-ifb-image-content\"><img decoding=\"async\" src=\"https:\/\/www.studenten-power.de\/stuttgart\/wp-content\/uploads\/sites\/3\/2025\/07\/telefon.svg\" alt=\"Telefon Stuttgart\" width=\"60\" height=\"60\" loading=\"lazy\" title=\"\"><\/div><div class=\"uagb-ifb-title-wrap\"><p class=\"uagb-ifb-title\"><a href=\"tel:+4971116917260\">071116917260<\/a><\/p><\/div><\/div><\/div><\/div>\n\n\n\n<div class=\"wp-block-uagb-info-box uagb-block-45cda799 uagb-infobox__content-wrap  uagb-infobox-icon-left-title uagb-infobox-left uagb-infobox-image-valign-middle\"><div class=\"uagb-ifb-content\"><div class=\"uagb-ifb-left-title-image\"><div class=\"uagb-ifb-image-content\"><img decoding=\"async\" src=\"https:\/\/www.studenten-power.de\/stuttgart\/wp-content\/uploads\/sites\/3\/2025\/07\/kontaktformular.svg\" alt=\"kontaktformular Stuttgart\" width=\"60\" height=\"60\" loading=\"lazy\" title=\"\"><\/div><div class=\"uagb-ifb-title-wrap\"><p class=\"uagb-ifb-title\"><a href=\"https:\/\/www.studenten-power.de\/stuttgart\/kostenloses-angebot\/\">Kontaktformular<\/a><\/p><\/div><\/div><\/div><\/div>\n\n\n\n<div class=\"wp-block-uagb-info-box uagb-block-09adf1a4 uagb-infobox__content-wrap  uagb-infobox-icon-left-title uagb-infobox-left uagb-infobox-image-valign-middle\"><div class=\"uagb-ifb-content\"><div class=\"uagb-ifb-left-title-image\"><div class=\"uagb-ifb-image-content\"><img decoding=\"async\" src=\"https:\/\/www.studenten-power.de\/stuttgart\/wp-content\/uploads\/sites\/3\/2025\/07\/whatsapp.svg\" alt=\"whatsapp Stuttgart\" width=\"60\" height=\"60\" loading=\"lazy\" title=\"\"><\/div><div class=\"uagb-ifb-title-wrap\"><p class=\"uagb-ifb-title\"><a href=\"https:\/\/www.studenten-power.de\/stuttgart\/blitzangebot-stuttgart\/\">Blitzangebot via WhatsApp<\/a><\/p><\/div><\/div><\/div><\/div>\n<\/div><\/div>\n<\/div>\n\n\n\n<div class=\"wp-block-uagb-container uagb-block-1b4d8bc0\">\n<div class=\"wp-block-uagb-image uagb-block-9c22cec8 wp-block-uagb-image--layout-default wp-block-uagb-image--effect-static wp-block-uagb-image--align-none\"><figure class=\"wp-block-uagb-image__figure\"><img decoding=\"async\" srcset=\"https:\/\/www.studenten-power.de\/stuttgart\/wp-content\/uploads\/sites\/3\/2024\/04\/stuttgart-27.png ,https:\/\/www.studenten-power.de\/stuttgart\/wp-content\/uploads\/sites\/3\/2024\/04\/stuttgart-27.png 780w, https:\/\/www.studenten-power.de\/stuttgart\/wp-content\/uploads\/sites\/3\/2024\/04\/stuttgart-27.png 360w\" sizes=\"auto, (max-width: 480px) 150px\" src=\"https:\/\/www.studenten-power.de\/stuttgart\/wp-content\/uploads\/sites\/3\/2024\/04\/stuttgart-27.png\" alt=\"Waschmaschine entsorgen in Stuttgart\" class=\"uag-image-112\" width=\"500\" height=\"500\" title=\"Waschmaschine entsorgen in Stuttgart\" loading=\"lazy\" role=\"img\"\/><\/figure><\/div>\n<\/div>\n\n\n\n<div class=\"wp-block-uagb-image uagb-block-86c33cf7 wp-block-uagb-image--layout-default wp-block-uagb-image--effect-static wp-block-uagb-image--align-none\"><figure class=\"wp-block-uagb-image__figure\"><\/figure><\/div>\n<\/div><\/div>\n\n\n\n<div class=\"wp-block-uagb-container uagb-block-cc19791c alignfull uagb-is-root-container\"><div class=\"uagb-container-inner-blocks-wrap\">\n<div class=\"wp-block-uagb-advanced-heading uagb-block-cee91e7d\"><h2 class=\"uagb-heading-text\">Waschmaschine entsorgen in Stuttgart und Umgebung<\/h2><\/div>\n\n\n\n<p>Waschmaschinen sind ein wesentlicher Bestandteil unseres modernen Lebens. Ohne sie w\u00fcrden wir viel Zeit mit der W\u00e4sche verbringen. Die meisten von uns benutzen sie jeden Tag und sie machen unser Leben einfacher. Aber was passiert, wenn unsere Waschmaschine kaputtgeht oder wir uns eine neue kaufen wollen?<\/p>\n\n\n\n<div class=\"wp-block-uagb-advanced-heading uagb-block-a52287b4\"><h2 class=\"uagb-heading-text\">Wo entsorgen wir unsere alten Waschmaschinen?<\/h2><\/div>\n\n\n\n<p>In Stuttgart gibt es einige Orte, an denen man seine alte&nbsp;<strong>Waschmaschine entsorgen<\/strong>&nbsp;kann. Zum Beispiel kann man sie bei der kommunalen <a href=\"https:\/\/www.studenten-power.de\/stuttgart\/entsorgung-stuttgart\/\">Entsorgung in Stuttgart<\/a> entsorgen. Dort k\u00f6nnen Sie Ihre Waschmaschine gegen eine kleine Geb\u00fchr abgeben. Alternativ k\u00f6nnen Sie Ihre Waschmaschine auch an einen Recyclinghof bringen. Dort wird sie dann fachgerecht entsorgt.<\/p>\n\n\n\n<p>Wenn Sie Ihre&nbsp;<strong>alte Waschmaschine entsorgen<\/strong>&nbsp;wollen, ist es wichtig, dass Sie sie an den richtigen Ort bringen. Sonst k\u00f6nnte sie zu einer Umweltverschmutzung beitragen. Also denken Sie daran: Entsorgen Sie Ihre alte Waschmaschine richtig!<\/p>\n\n\n\n<div class=\"wp-block-uagb-advanced-heading uagb-block-395c9ecb\"><h2 class=\"uagb-heading-text\">Studenten-Power entsorgt Ihre alte Waschmaschine<\/h2><\/div>\n\n\n\n<p>Studenten-Power ist der ideale Partner, wenn Sie auf der Suche nach einem kompetenten, zuverl\u00e4ssigen und vor allem engagierten Team sind. Wir setzen uns mit voller Leidenschaft f\u00fcr unsere Kunden ein und sorgen daf\u00fcr, dass Sie sich auf Ihre Pr\u00fcfungen konzentrieren k\u00f6nnen, ohne sich Sorgen um die Organisation machen zu m\u00fcssen.<br>Wir \u00fcbernehmen die komplette Planung und Durchf\u00fchrung Ihres Pr\u00fcfungsvorhabens \u2013 von der ersten bis zur letzten Minute. Sie haben bei uns die Gewissheit, dass alles professionell und sorgf\u00e4ltig organisiert wird und Sie sich voll und ganz auf Ihr Pr\u00fcfungsvorhaben konzentrieren k\u00f6nnen. Wir sind stets bem\u00fcht, unseren Kunden den bestm\u00f6glichen Service zu bieten und stehen jederzeit mit Rat und Tat zur Seite.<\/p>\n\n\n\n<div class=\"wp-block-uagb-advanced-heading uagb-block-6a6551c0\"><h2 class=\"uagb-heading-text\">Entsorgen oder doch lieber reparieren?<\/h2><\/div>\n\n\n\n<p>Soll man seine alte und kaputte Waschmaschine einfach wegwerfen oder doch lieber reparieren lassen? Die meisten Menschen w\u00fcrden sagen, dass man in diesem Fall eine neue Waschmaschine kaufen sollte. Allerdings ist das nicht immer die beste L\u00f6sung. Man kann das Service-Team des Waschmaschinenherstellers kontaktieren und nach einem Angebot f\u00fcr die Reparatur der Waschmaschine fragen. In der Regel sollten die Kosten f\u00fcr die Reparatur nicht den Preis einer neuen Waschmaschine \u00fcbersteigen. Also, bevor man seine alte Waschmaschine wegwirft, sollte man erst einmal \u00fcberlegen, ob sich eine Reparatur lohnt. Sie sollten auch ber\u00fccksichtigen, dass eine Waschmaschine, die bereits 10 Jahre alt ist, sich nicht mit einer neuen Waschmaschine in Bezug auf den Wasser- und Stromverbrauch messen kann. Die neuen, energieeffizienteren Ger\u00e4te helfen Ihnen Geld durch weniger Energiekosten zu sparen.<\/p>\n\n\n\n<div class=\"wp-block-uagb-advanced-heading uagb-block-b6567114\"><h2 class=\"uagb-heading-text\">Waschmaschine entsorgen zum Festpreis<\/h2><\/div>\n\n\n\n<p>Wenn Sie sich f\u00fcr uns entscheiden Ihrer&nbsp;<strong>alten Waschmaschine in Stuttgart zu entsorgen<\/strong>, so bezahlen Sie nur einmal den festgelegten Preis- und nicht einen Cent mehr.<br>Wir legen den gr\u00f6\u00dften Wert auf die Zufriedenheit unserer Kunden und handeln deshalb immer verl\u00e4sslich und transparent. Nat\u00fcrlich schlie\u00dft das auch unsere Kommunikation mit Ihnen ein. Falls es schnell gehen muss, steht Ihnen unser Team auch kurzfristig mit Rat und Tat zur Seite. \u00dcberzeugen Sie sich von unserem kompetenten Service!<\/p>\n\n\n\n<p>Unser Mindestabholpreis betr\u00e4gt f\u00fcr Stadtteil<strong>&nbsp;Innenstadt und S\u00fcd 250,00 \u20ac<\/strong>&nbsp;in Stuttgart. Alle anderen Stadtteile kosten&nbsp;<strong>ab 400,00 \u20ac<\/strong>. Gerne unterbreiten wir Ihnen ein individuelles Angebot.<\/p>\n<\/div><\/div>\n\n\n\n<div class=\"wp-block-uagb-container uagb-block-66021284 alignfull uagb-is-root-container\"><div class=\"uagb-container-inner-blocks-wrap\">\n<div class=\"wp-block-uagb-container uagb-block-b3a5959b\">\n<p class=\"has-text-align-center\"><strong>H\u00e4ufig gestellte Fragen zur Waschmaschine Entsorgung<\/strong><\/p>\n\n\n<div class=\"wp-block-uagb-faq uagb-faq__outer-wrap uagb-block-9b5d56f3 uagb-faq-icon-row uagb-faq-layout-accordion uagb-faq-expand-first-true uagb-faq-inactive-other-true uagb-faq__wrap uagb-buttons-layout-wrap uagb-faq-equal-height     \" data-faqtoggle=\"true\" role=\"tablist\"><script type=\"application\/ld+json\">{\"@context\":\"https:\\\/\\\/schema.org\",\"@type\":\"FAQPage\",\"@id\":\"https:\\\/\\\/www.studenten-power.de\\\/stuttgart\\\/waschmaschine-entsorgen-stuttgart\\\/\",\"mainEntity\":[{\"@type\":\"Question\",\"name\":\"Was kostet eine Waschmaschinen-Abholung?\",\"acceptedAnswer\":{\"@type\":\"Answer\",\"text\":\"Hierf\\u00fcr nutzen unser  <a href=\\\"https:\\\/\\\/www.studenten-power.de\\\/stuttgart\\\/kostenloses-angebot\\\/\\\">Kontaktformular<\\\/a>  oder  <a href=\\\"https:\\\/\\\/www.studenten-power.de\\\/stuttgart\\\/blitzangebot-stuttgart\\\/\\\">WhatsApp<\\\/a>  f\\u00fcr die Preisanfrage.\"}}]}<\/script><div class=\"wp-block-uagb-faq-child uagb-faq-child__outer-wrap uagb-faq-item uagb-block-72a5254a wp-block-uagb-faq-child uagb-faq-child__outer-wrap uagb-faq-item uagb-block-72a5254a\" role=\"tab\" tabindex=\"0\"><div class=\"uagb-faq-questions-button uagb-faq-questions\">\t\t\t<span class=\"uagb-icon uagb-faq-icon-wrap\">\n\t\t\t\t\t\t\t\t<svg xmlns=\"https:\/\/www.w3.org\/2000\/svg\" viewBox= \"0 0 448 512\"><path d=\"M432 256c0 17.69-14.33 32.01-32 32.01H256v144c0 17.69-14.33 31.99-32 31.99s-32-14.3-32-31.99v-144H48c-17.67 0-32-14.32-32-32.01s14.33-31.99 32-31.99H192v-144c0-17.69 14.33-32.01 32-32.01s32 14.32 32 32.01v144h144C417.7 224 432 238.3 432 256z\"><\/path><\/svg>\n\t\t\t\t\t\t\t<\/span>\n\t\t\t\t\t\t<span class=\"uagb-icon-active uagb-faq-icon-wrap\">\n\t\t\t\t\t\t\t\t<svg xmlns=\"https:\/\/www.w3.org\/2000\/svg\" viewBox= \"0 0 448 512\"><path d=\"M400 288h-352c-17.69 0-32-14.32-32-32.01s14.31-31.99 32-31.99h352c17.69 0 32 14.3 32 31.99S417.7 288 400 288z\"><\/path><\/svg>\n\t\t\t\t\t\t\t<\/span>\n\t\t\t<span class=\"uagb-question\">Was kostet eine Waschmaschinen-Abholung?<\/span><\/div><div class=\"uagb-faq-content\"><p>Hierf\u00fcr nutzen unser  <a href=\"https:\/\/www.studenten-power.de\/stuttgart\/kostenloses-angebot\/\">Kontaktformular<\/a>  oder  <a href=\"https:\/\/www.studenten-power.de\/stuttgart\/blitzangebot-stuttgart\/\">WhatsApp<\/a>  f\u00fcr die Preisanfrage.<\/p><\/div><\/div><\/div><\/div>\n\n\n\n<div class=\"wp-block-uagb-container uagb-block-54a79a1e\"><\/div>\n<\/div><\/div>\n\n\n\n<h3 class=\"wp-block-heading\">Weitere Dienstleistungen<\/h3>\n\n\n\n<p><a href=\"https:\/\/www.studenten-power.de\/stuttgart\/\">Entr\u00fcmpelung &amp; Haushaltsaufl\u00f6sung Stuttgart<\/a> \u00b7 <a href=\"https:\/\/www.studenten-power.de\/stuttgart\/wohnungsaufloesung-stuttgart\/\">Haushaltsaufl\u00f6sung Stuttgart: Kosten &amp; Ablauf<\/a> \u00b7 <a href=\"https:\/\/www.studenten-power.de\/stuttgart\/sperrmuell-stuttgart\/\">Sperrm\u00fcll Stuttgart<\/a> \u00b7 <a href=\"https:\/\/www.studenten-power.de\/stuttgart\/entsorgung-stuttgart\/\">Entsorgung Stuttgart<\/a> \u00b7 <a href=\"https:\/\/www.studenten-power.de\/stuttgart\/geschaeftsaufloesung-stuttgart\/\">Gesch\u00e4ftsaufl\u00f6sung Stuttgart<\/a> \u00b7 <a href=\"https:\/\/www.studenten-power.de\/stuttgart\/handwerker-finden-in-stuttgart\/\">Handwerker Stuttgart<\/a><\/p>\n\n\n\n<!-- ratedo.de Widget -->\n<style>\n:root {\n  --ratedo-color-font: #121212;\n  --ratedo-color-background: linear-gradient(to top, #f1f7ff, #faf6fd);\n  --ratedo-color-shadow: rgba(0, 0, 0, 0.12);\n  --ratedo-size-border: 1px;\n  --ratedo-color-border: #c3c3c3;\n}\n<\/style>\n<div class=\"ratedo-w2\" data-ratedo_id=\"091d039b02ddf4d2fb7f5be76e1c77465d6b4ec7\"><\/div>\n<script type=\"text\/javascript\" src=\"https:\/\/www.ratedo.de\/js\/widgets\/ratedo-widget2.min.js\" async><\/script>\n<!-- ratedo.de Widget -->\n","protected":false},"excerpt":{"rendered":"<p>Waschmaschine entsorgen in Stuttgart und Umgebung Waschmaschinen sind ein wesentlicher Bestandteil unseres modernen Lebens. Ohne sie w\u00fcrden wir viel Zeit [&hellip;]<\/p>\n","protected":false},"author":2,"featured_media":0,"parent":0,"menu_order":0,"comment_status":"open","ping_status":"open","template":"","meta":{"_uag_custom_page_level_css":"","site-sidebar-layout":"default","site-content-layout":"","ast-site-content-layout":"","site-content-style":"default","site-sidebar-style":"default","ast-global-header-display":"","ast-banner-title-visibility":"","ast-main-header-display":"","ast-hfb-above-header-display":"","ast-hfb-below-header-display":"","ast-hfb-mobile-header-display":"","site-post-title":"","ast-breadcrumbs-content":"","ast-featured-img":"","footer-sml-layout":"","theme-transparent-header-meta":"","adv-header-id-meta":"","stick-header-meta":"","header-above-stick-meta":"","header-main-stick-meta":"","header-below-stick-meta":"","astra-migrate-meta-layouts":"default","ast-page-background-enabled":"default","ast-page-background-meta":{"desktop":{"background-color":"var(--ast-global-color-4)","background-image":"","background-repeat":"repeat","background-position":"center center","background-size":"auto","background-attachment":"scroll","background-type":"","background-media":"","overlay-type":"","overlay-color":"","overlay-opacity":"","overlay-gradient":""},"tablet":{"background-color":"","background-image":"","background-repeat":"repeat","background-position":"center center","background-size":"auto","background-attachment":"scroll","background-type":"","background-media":"","overlay-type":"","overlay-color":"","overlay-opacity":"","overlay-gradient":""},"mobile":{"background-color":"","background-image":"","background-repeat":"repeat","background-position":"center center","background-size":"auto","background-attachment":"scroll","background-type":"","background-media":"","overlay-type":"","overlay-color":"","overlay-opacity":"","overlay-gradient":""}},"ast-content-background-meta":{"desktop":{"background-color":"var(--ast-global-color-5)","background-image":"","background-repeat":"repeat","background-position":"center center","background-size":"auto","background-attachment":"scroll","background-type":"","background-media":"","overlay-type":"","overlay-color":"","overlay-opacity":"","overlay-gradient":""},"tablet":{"background-color":"var(--ast-global-color-5)","background-image":"","background-repeat":"repeat","background-position":"center center","background-size":"auto","background-attachment":"scroll","background-type":"","background-media":"","overlay-type":"","overlay-color":"","overlay-opacity":"","overlay-gradient":""},"mobile":{"background-color":"var(--ast-global-color-5)","background-image":"","background-repeat":"repeat","background-position":"center center","background-size":"auto","background-attachment":"scroll","background-type":"","background-media":"","overlay-type":"","overlay-color":"","overlay-opacity":"","overlay-gradient":""}},"footnotes":""},"class_list":["post-30","page","type-page","status-publish","hentry"],"uagb_featured_image_src":{"full":false,"thumbnail":false,"medium":false,"medium_large":false,"large":false,"1536x1536":false,"2048x2048":false},"uagb_author_info":{"display_name":"Power-Redakteur","author_link":"https:\/\/www.studenten-power.de\/stuttgart\/author\/merttuerk\/"},"uagb_comment_info":0,"uagb_excerpt":"Waschmaschine entsorgen in Stuttgart und Umgebung Waschmaschinen sind ein wesentlicher Bestandteil unseres modernen Lebens. Ohne sie w\u00fcrden wir viel Zeit [&hellip;]","_links":{"self":[{"href":"https:\/\/www.studenten-power.de\/stuttgart\/wp-json\/wp\/v2\/pages\/30","targetHints":{"allow":["GET"]}}],"collection":[{"href":"https:\/\/www.studenten-power.de\/stuttgart\/wp-json\/wp\/v2\/pages"}],"about":[{"href":"https:\/\/www.studenten-power.de\/stuttgart\/wp-json\/wp\/v2\/types\/page"}],"author":[{"embeddable":true,"href":"https:\/\/www.studenten-power.de\/stuttgart\/wp-json\/wp\/v2\/users\/2"}],"replies":[{"embeddable":true,"href":"https:\/\/www.studenten-power.de\/stuttgart\/wp-json\/wp\/v2\/comments?post=30"}],"version-history":[{"count":0,"href":"https:\/\/www.studenten-power.de\/stuttgart\/wp-json\/wp\/v2\/pages\/30\/revisions"}],"wp:attachment":[{"href":"https:\/\/www.studenten-power.de\/stuttgart\/wp-json\/wp\/v2\/media?parent=30"}],"curies":[{"name":"wp","href":"https:\/\/api.w.org\/{rel}","templated":true}]}}