{"id":34,"date":"2023-03-17T21:36:23","date_gmt":"2023-03-17T20:36:23","guid":{"rendered":"https:\/\/www.studenten-power.de\/stuttgart\/reifen-entsorgen-stuttgart\/"},"modified":"2026-03-28T23:14:39","modified_gmt":"2026-03-28T22:14:39","slug":"reifen-entsorgen-stuttgart","status":"publish","type":"page","link":"https:\/\/www.studenten-power.de\/stuttgart\/reifen-entsorgen-stuttgart\/","title":{"rendered":"Reifen entsorgen in Stuttgart."},"content":{"rendered":"\n<div class=\"wp-block-uagb-container uagb-block-10167955 alignfull uagb-is-root-container\"><div class=\"uagb-container-inner-blocks-wrap\">\n<div class=\"wp-block-uagb-advanced-heading uagb-block-c4c92643\"><h2 class=\"uagb-heading-text\">Reifen entsorgen<\/h2><p class=\"uagb-desc-text\">Gr\u00fcnde f\u00fcr eine Reifen-Entsorgung<\/p><\/div>\n\n\n\n<p>Sie haben sich sicher schon gefragt, warum Sie Ihre&nbsp;<strong>Reifen<\/strong>&nbsp;regelm\u00e4\u00dfig&nbsp;<strong>entsorgen<\/strong>&nbsp;sollten. Es gibt viele Gr\u00fcnde, warum Sie das tun sollten. Zun\u00e4chst einmal ist es wichtig, dass der Reifen gut funktioniert, und wenn er nicht mehr die richtige Spannung hat, kann er schnell zu einem Sicherheitsrisiko werden. Auch wenn Sie nicht planen, Ihr Auto zu verkaufen, ist es sinnvoll, die Reifen zu ersetzen, weil sie die Dauerhaftigkeit und Leistung Ihres Autos beeinflussen. Wenn Ihre Reifen abgenutzt sind, k\u00f6nnen sie die Bremsleistung beeintr\u00e4chtigen, wodurch es schwierig wird, schnell anzuhalten. Beim Fahren auf einer verschneiten oder regnerischen Stra\u00dfe sind die Reifen besonders wichtig, da sie Ihnen helfen, in Kurven zu bleiben oder sicher anzuhalten. Wenn Ihre Reifen besch\u00e4digt sind, k\u00f6nnen Sie auch Probleme beim Bremsen und Beschleunigen haben. Deshalb ist es wichtig, dass Sie die Reifen regelm\u00e4\u00dfig \u00fcberpr\u00fcfen und regelm\u00e4\u00dfig ersetzen, um sicherzustellen, dass Ihr Auto zuverl\u00e4ssig und sicher ist.<\/p>\n<\/div><\/div>\n\n\n\n<div class=\"wp-block-uagb-container uagb-block-214237df alignfull uagb-is-root-container\"><div class=\"uagb-container-inner-blocks-wrap\">\n<div class=\"wp-block-uagb-container uagb-block-1e6261a7\">\n<p>Daf\u00fcr stehen wir:<\/p>\n\n\n\n<ul class=\"wp-block-list\">\n<li>Jahrelange Erfahrung und fachliches Know-how<\/li>\n\n\n\n<li>Festpreise, die transparent und ohne versteckte Kosten sind<\/li>\n\n\n\n<li>Freundliche, zuverl\u00e4ssige und kompetente Mitarbeiter<\/li>\n\n\n\n<li>Umweltfreundliche und fachgerechte Entsorgung<\/li>\n<\/ul>\n<\/div>\n\n\n\n<div class=\"wp-block-uagb-container uagb-block-1db95f6e\">\n<div class=\"wp-block-uagb-image uagb-block-b86d72c1 wp-block-uagb-image--layout-default wp-block-uagb-image--effect-static wp-block-uagb-image--align-none\"><figure class=\"wp-block-uagb-image__figure\"><img decoding=\"async\" srcset=\"https:\/\/www.studenten-power.de\/stuttgart\/wp-content\/uploads\/sites\/3\/2024\/04\/stuttgart-24-1.png ,https:\/\/www.studenten-power.de\/stuttgart\/wp-content\/uploads\/sites\/3\/2024\/04\/stuttgart-24-1.png 780w, https:\/\/www.studenten-power.de\/stuttgart\/wp-content\/uploads\/sites\/3\/2024\/04\/stuttgart-24-1.png 360w\" sizes=\"auto, (max-width: 480px) 150px\" src=\"https:\/\/www.studenten-power.de\/stuttgart\/wp-content\/uploads\/sites\/3\/2024\/04\/stuttgart-24-1.png\" alt=\"Reifen entsorgen Stuttgart\" class=\"uag-image-107\" width=\"500\" height=\"500\" title=\"Reifen entsorgen Stuttgart\" loading=\"lazy\" role=\"img\"\/><\/figure><\/div>\n<\/div>\n<\/div><\/div>\n\n\n\n<div class=\"wp-block-uagb-container uagb-block-e408b013 alignfull uagb-is-root-container\"><div class=\"uagb-container-inner-blocks-wrap\">\n<div class=\"wp-block-uagb-advanced-heading uagb-block-7730d78e\"><h2 class=\"uagb-heading-text\">Wann ist ein Reifen ein Altreifen?<\/h2><\/div>\n\n\n\n<p>Altreifen sind Reifen, die nicht mehr f\u00fcr den Fahrzeugverkehr verwendet werden k\u00f6nnen, weil sie abgenutzt oder besch\u00e4digt sind. Es ist daher wichtig, dass Sie regelm\u00e4\u00dfig Ihre Reifen \u00fcberpr\u00fcfen, um sicherzustellen, dass sie in einem guten Zustand sind. Wenn Sie bemerken, dass Ihre Reifen an Struktur verlieren, an Profiltiefe verlieren oder die Reifen eine ungew\u00f6hnliche Verschlechterung der Traktion oder des Bremsverhaltens aufweisen, sollten Sie sie sofort ersetzen. Wenn Sie bemerken, dass die Reifen einen Gegenstand in sich enthalten, wie z.B. N\u00e4gel, Schrauben oder andere Gegenst\u00e4nde, sollten Sie sie sofort entsorgen, da sie ein Risiko f\u00fcr Ihre eigene Sicherheit und die anderer darstellen.<\/p>\n\n\n\n<div class=\"wp-block-uagb-advanced-heading uagb-block-10148afc\"><h2 class=\"uagb-heading-text\">Wo lagern die Reifen am liebsten?<\/h2><\/div>\n\n\n\n<p>In nahezu jedem Keller oder der Garage verstecken sich gemeinhin Autoreifen. Wenn Sie unsere Dienstleistung zur R\u00e4umung von Kellern, Dachgeschossen oder Garagen nutzen, r\u00e4umen wir s\u00e4mtlichen Inhalt, einschlie\u00dflich der <a href=\"https:\/\/www.studenten-power.de\/stuttgart\/entsorgung-stuttgart\/\">Entsorgung in Stuttgart<\/a> Ihrer alten Reifen. Falls Ihre Reifen dort gelagert sind, so nehmen wir sie selbstverst\u00e4ndlich mit und entsorgen diese fachgerecht.<\/p>\n\n\n\n<div class=\"wp-block-uagb-advanced-heading uagb-block-62d649da\"><h2 class=\"uagb-heading-text\">Reifen entsorgen mit Profis<\/h2><\/div>\n\n\n\n<p>Das Wegwerfen von Reifen im normalen Hausabfall ist nicht gestattet. Eine Sonderentsorgung ist stets erforderlich. Leider kommt es auch in Stuttgart h\u00e4ufig vor, dass Reifen unrechtm\u00e4\u00dfig am Stra\u00dfenrand oder anderen Orten abgeladen werden. Daf\u00fcr gibt es unterschiedliche Ursachen. Viele Fahrzeughalter f\u00fcrchten die anfallenden Kosten, die vermeintlich bei einer sachgem\u00e4\u00dfen Entsorgung entstehen. Doch dank Studenten-Power k\u00f6nnen Sie in Stuttgart Altreifen zum Pauschalpreis beseitigen. Die ordnungsgem\u00e4\u00dfe Entsorgung von Reifen ist unbedingt erforderlich, weil Reifen keineswegs umweltfreundlich sind. Sie bestehen aus einer Kombination von \u00fcber 200 verschiedenen Materialien. Dazu geh\u00f6ren viele Kunststoffe, aber auch Eisen und weitere umweltsch\u00e4dliche Substanzen. Diese Zusammensetzung verdeutlicht, dass eine illegale und unsachgem\u00e4\u00dfe Entsorgung von Reifen unbedingt verhindert werden sollte.<\/p>\n\n\n\n<div class=\"wp-block-uagb-advanced-heading uagb-block-3f64e6ea\"><h2 class=\"uagb-heading-text\">Entsorgung von Reifen<\/h2><p class=\"uagb-desc-text\">Welche Alternativen stehen zur Verf\u00fcgung<\/p><\/div>\n\n\n\n<p>Es existieren mehrere Optionen, um Ihre abgenutzten Reifen in Stuttgart fachgerecht loszuwerden. Sie haben die M\u00f6glichkeit, sie einer Wiederverwertungsanlage zuzuf\u00fchren, sie bei Ihrem Reifenverk\u00e4ufer abzuliefern oder sich an Studenten-Power zu wenden.<br>Das Wegwerfen von Reifen stellt eine besondere Situation dar, da eine sachgem\u00e4\u00dfe Beseitigung unerl\u00e4sslich ist, um unn\u00f6tige Umweltsch\u00e4den zu verhindern. Eine Entsorgung \u00fcber den normalen Hausabfall ist nicht zul\u00e4ssig. Sie m\u00fcssen professionell beseitigt werden. Bedauerlicherweise kommt es auch in Stuttgart regelm\u00e4\u00dfig vor, dass Reifen unrechtm\u00e4\u00dfig am Rande von Stra\u00dfen oder anderen Orten abgeladen werden.<\/p>\n\n\n\n<div class=\"wp-block-uagb-advanced-heading uagb-block-24415065\"><h2 class=\"uagb-heading-text\">Jetzt einen Termin vereinbaren<\/h2><\/div>\n\n\n\n<p>Brauchen Sie schnellstm\u00f6glich einen Termin, stehen wir in der Regel zur Verf\u00fcgung. Unser Angebot beinhaltet einen Pauschalbetrag f\u00fcr die Abholung und Entsorgung, ohne versteckte Geb\u00fchren. Unsere Betriebshaftpflichtversicherung kommt f\u00fcr eventuelle Sch\u00e4den auf, die bei den T\u00e4tigkeiten entstehen k\u00f6nnten. Unsere Stuttgarter Mannschaft ist da, um Ihnen einen reibungslosen und einfachen Ablauf zu gew\u00e4hrleisten. Das Tolle daran ist, dass Sie in k\u00fcrzester Zeit einen Termin vereinbaren und die Reifen abholen lassen k\u00f6nnen. Bei Studenten-Power sind wir Ihr starker Begleiter.<\/p>\n\n\n\n<p>Unser Mindestabholpreis betr\u00e4gt f\u00fcr Stadtteil Innenstadt und S\u00fcd&nbsp;<strong>250,00 \u20ac<\/strong>&nbsp;in Stuttgart. Alle anderen Stadtteile kosten&nbsp;<strong>ab 400,00 \u20ac<\/strong>. Gerne unterbreiten wir Ihnen ein individuelles Angebot.<\/p>\n\n\n\n<h3 class=\"wp-block-heading\">Weitere Dienstleistungen<\/h3>\n\n\n\n<p><a href=\"https:\/\/www.studenten-power.de\/stuttgart\/\">Entr\u00fcmpelung &amp; Haushaltsaufl\u00f6sung Stuttgart<\/a> \u00b7 <a href=\"https:\/\/www.studenten-power.de\/stuttgart\/wohnungsaufloesung-stuttgart\/\">Haushaltsaufl\u00f6sung Stuttgart: Kosten &amp; Ablauf<\/a> \u00b7 <a href=\"https:\/\/www.studenten-power.de\/stuttgart\/sperrmuell-stuttgart\/\">Sperrm\u00fcll Stuttgart<\/a> \u00b7 <a href=\"https:\/\/www.studenten-power.de\/stuttgart\/entsorgung-stuttgart\/\">Entsorgung Stuttgart<\/a> \u00b7 <a href=\"https:\/\/www.studenten-power.de\/stuttgart\/geschaeftsaufloesung-stuttgart\/\">Gesch\u00e4ftsaufl\u00f6sung Stuttgart<\/a> \u00b7 <a href=\"https:\/\/www.studenten-power.de\/stuttgart\/handwerker-finden-in-stuttgart\/\">Handwerker Stuttgart<\/a><\/p>\n\n\n\n<!-- ratedo.de Widget -->\n<style>\n:root {\n  --ratedo-color-font: #121212;\n  --ratedo-color-background: linear-gradient(to top, #f1f7ff, #faf6fd);\n  --ratedo-color-shadow: rgba(0, 0, 0, 0.12);\n  --ratedo-size-border: 1px;\n  --ratedo-color-border: #c3c3c3;\n}\n<\/style>\n<div class=\"ratedo-w2\" data-ratedo_id=\"091d039b02ddf4d2fb7f5be76e1c77465d6b4ec7\"><\/div>\n<script type=\"text\/javascript\" src=\"https:\/\/www.ratedo.de\/js\/widgets\/ratedo-widget2.min.js\" async><\/script>\n<!-- ratedo.de Widget -->\n<\/div><\/div>\n","protected":false},"excerpt":{"rendered":"<p>Reifen entsorgen Gr\u00fcnde f\u00fcr eine Reifen-Entsorgung Sie haben sich sicher schon gefragt, warum Sie Ihre&nbsp;Reifen&nbsp;regelm\u00e4\u00dfig&nbsp;entsorgen&nbsp;sollten. Es gibt viele Gr\u00fcnde, warum [&hellip;]<\/p>\n","protected":false},"author":2,"featured_media":0,"parent":0,"menu_order":0,"comment_status":"open","ping_status":"open","template":"","meta":{"_uag_custom_page_level_css":"","site-sidebar-layout":"default","site-content-layout":"","ast-site-content-layout":"","site-content-style":"default","site-sidebar-style":"default","ast-global-header-display":"","ast-banner-title-visibility":"","ast-main-header-display":"","ast-hfb-above-header-display":"","ast-hfb-below-header-display":"","ast-hfb-mobile-header-display":"","site-post-title":"","ast-breadcrumbs-content":"","ast-featured-img":"","footer-sml-layout":"","theme-transparent-header-meta":"","adv-header-id-meta":"","stick-header-meta":"","header-above-stick-meta":"","header-main-stick-meta":"","header-below-stick-meta":"","astra-migrate-meta-layouts":"default","ast-page-background-enabled":"default","ast-page-background-meta":{"desktop":{"background-color":"var(--ast-global-color-4)","background-image":"","background-repeat":"repeat","background-position":"center center","background-size":"auto","background-attachment":"scroll","background-type":"","background-media":"","overlay-type":"","overlay-color":"","overlay-opacity":"","overlay-gradient":""},"tablet":{"background-color":"","background-image":"","background-repeat":"repeat","background-position":"center center","background-size":"auto","background-attachment":"scroll","background-type":"","background-media":"","overlay-type":"","overlay-color":"","overlay-opacity":"","overlay-gradient":""},"mobile":{"background-color":"","background-image":"","background-repeat":"repeat","background-position":"center center","background-size":"auto","background-attachment":"scroll","background-type":"","background-media":"","overlay-type":"","overlay-color":"","overlay-opacity":"","overlay-gradient":""}},"ast-content-background-meta":{"desktop":{"background-color":"var(--ast-global-color-5)","background-image":"","background-repeat":"repeat","background-position":"center center","background-size":"auto","background-attachment":"scroll","background-type":"","background-media":"","overlay-type":"","overlay-color":"","overlay-opacity":"","overlay-gradient":""},"tablet":{"background-color":"var(--ast-global-color-5)","background-image":"","background-repeat":"repeat","background-position":"center center","background-size":"auto","background-attachment":"scroll","background-type":"","background-media":"","overlay-type":"","overlay-color":"","overlay-opacity":"","overlay-gradient":""},"mobile":{"background-color":"var(--ast-global-color-5)","background-image":"","background-repeat":"repeat","background-position":"center center","background-size":"auto","background-attachment":"scroll","background-type":"","background-media":"","overlay-type":"","overlay-color":"","overlay-opacity":"","overlay-gradient":""}},"footnotes":""},"class_list":["post-34","page","type-page","status-publish","hentry"],"uagb_featured_image_src":{"full":false,"thumbnail":false,"medium":false,"medium_large":false,"large":false,"1536x1536":false,"2048x2048":false},"uagb_author_info":{"display_name":"Power-Redakteur","author_link":"https:\/\/www.studenten-power.de\/stuttgart\/author\/merttuerk\/"},"uagb_comment_info":0,"uagb_excerpt":"Reifen entsorgen Gr\u00fcnde f\u00fcr eine Reifen-Entsorgung Sie haben sich sicher schon gefragt, warum Sie Ihre&nbsp;Reifen&nbsp;regelm\u00e4\u00dfig&nbsp;entsorgen&nbsp;sollten. Es gibt viele Gr\u00fcnde, warum [&hellip;]","_links":{"self":[{"href":"https:\/\/www.studenten-power.de\/stuttgart\/wp-json\/wp\/v2\/pages\/34","targetHints":{"allow":["GET"]}}],"collection":[{"href":"https:\/\/www.studenten-power.de\/stuttgart\/wp-json\/wp\/v2\/pages"}],"about":[{"href":"https:\/\/www.studenten-power.de\/stuttgart\/wp-json\/wp\/v2\/types\/page"}],"author":[{"embeddable":true,"href":"https:\/\/www.studenten-power.de\/stuttgart\/wp-json\/wp\/v2\/users\/2"}],"replies":[{"embeddable":true,"href":"https:\/\/www.studenten-power.de\/stuttgart\/wp-json\/wp\/v2\/comments?post=34"}],"version-history":[{"count":0,"href":"https:\/\/www.studenten-power.de\/stuttgart\/wp-json\/wp\/v2\/pages\/34\/revisions"}],"wp:attachment":[{"href":"https:\/\/www.studenten-power.de\/stuttgart\/wp-json\/wp\/v2\/media?parent=34"}],"curies":[{"name":"wp","href":"https:\/\/api.w.org\/{rel}","templated":true}]}}