{"id":35,"date":"2023-03-18T21:38:50","date_gmt":"2023-03-18T20:38:50","guid":{"rendered":"https:\/\/www.studenten-power.de\/stuttgart\/hotelaufloesung-stuttgart\/"},"modified":"2026-03-28T23:09:41","modified_gmt":"2026-03-28T22:09:41","slug":"hotelaufloesung-stuttgart","status":"publish","type":"page","link":"https:\/\/www.studenten-power.de\/stuttgart\/hotelaufloesung-stuttgart\/","title":{"rendered":"Hotelaufl\u00f6sung Stuttgart"},"content":{"rendered":"\n<div class=\"wp-block-uagb-container uagb-block-dd1dca00 alignfull uagb-is-root-container\"><div class=\"uagb-container-inner-blocks-wrap\">\n<div class=\"wp-block-uagb-advanced-heading uagb-block-f422002b\"><h2 class=\"uagb-heading-text\">Hotelaufl\u00f6sung<\/h2><\/div>\n\n\n\n<p>Studenten-Power agiert als verl\u00e4sslicher Unterst\u00fctzer f\u00fcr Hotelaufl\u00f6sungen in Stuttgart. Sobald Ihr Hotel geschlossen ist, m\u00fcssen unz\u00e4hlige M\u00f6bel und Ausstattungselemente entfernt, verkauft oder beseitigt werden. Unser Service beinhaltet eine \u00f6kologisch verantwortungsvolle Beseitigung nach einer kostenlosen Inspektion vor Ort und der Erarbeitung eines attraktiven Angebots. Z\u00f6gern Sie nicht, uns umgehend zu kontaktieren!<\/p>\n\n\n\n<div class=\"wp-block-uagb-advanced-heading uagb-block-afafac0e\"><h2 class=\"uagb-heading-text\">Unser Service f\u00fcr Ihre Hotelaufl\u00f6sung<\/h2><\/div>\n\n\n\n<p>In ganz Stuttgart bieten wir eine z\u00fcgige Hotelaufl\u00f6sung an. Die Gr\u00fcnde sind entweder eine Schliessung des Hotels oder es stehen Renovierungsarbeiten an.&nbsp; Welche Gr\u00fcnde auch immer vorliegen, Studenten-Power ist Ihre Partner f\u00fcr die eine Hotelaufl\u00f6sung in Stuttgart.<\/p>\n\n\n\n<p>Wir r\u00e4umen Pension, Hostels, Gastst\u00e4tte, kleine und grosse Hotels. Jede R\u00e4umung ist recht aufwendig und muss genaustens geplant werden.&nbsp; Gerne vereinbaren wir einen kostenlosen Besichtigungstermin und besprechen alles Notwendige vor Ort.<\/p>\n\n\n\n<div class=\"wp-block-uagb-advanced-heading uagb-block-a45d0712\"><h2 class=\"uagb-heading-text\">Handwerker Dienstleistungen<\/h2><\/div>\n\n\n\n<p>Wir bieten auch Handwerker Dienstleistungen an und dies hat einige Vorteile f\u00fcr unsere Kunden<\/p>\n\n\n\n<ul class=\"wp-block-list\">\n<li><strong>\u00dcberblick:<\/strong>&nbsp;Wir koordinieren alle Dienstleistungen. Sie haben nur einen Ansprechpartner.<\/li>\n\n\n\n<li><strong>Zeitersparnis:<\/strong>&nbsp;Mehrere Besichtigungstermine und das Einholen von Angeboten fallen weg.<\/li>\n\n\n\n<li><strong>Schnelle Abwicklung:<\/strong>&nbsp;Die Handwerker beginnen nach oder auch schon w\u00e4hrend der Wohnungsaufl\u00f6sung bzw. Entr\u00fcmpelung mit der Arbeit.<\/li>\n\n\n\n<li><strong>Einfache Bezahlung:<\/strong>&nbsp;Sie erhalten nur eine Rechnung.<\/li>\n<\/ul>\n<\/div><\/div>\n\n\n\n<div class=\"wp-block-uagb-container uagb-block-d6a15c6e alignfull uagb-is-root-container\"><div class=\"uagb-container-inner-blocks-wrap\">\n<div class=\"wp-block-uagb-advanced-heading uagb-block-3603db92\"><h2 class=\"uagb-heading-text\">Eine z\u00fcgige Hotelaufl\u00f6sung erspart Ihnen weitere Kosten<\/h2><p class=\"uagb-desc-text\">Studenten-Power: Ihr Ansprechpartner<\/p><\/div>\n\n\n\n<p>Demzufolge gestaltet sich die Aufl\u00f6sung eines Hotels als enorm anstrengend und strapazi\u00f6s, f\u00fcr s\u00e4mtliche Beteiligte. In etlichen Situationen bleibt dies dennoch die alleinige L\u00f6sung, um das Gesch\u00e4ft fortzuf\u00fchren. Falls Sie auf der Suche nach einem vertrauensw\u00fcrdigen und fachkundigen Ansprechpartner f\u00fcr Ihre Vorhaben sind, bietet Studenten-Power genau das, was Sie ben\u00f6tigen. Wir verf\u00fcgen \u00fcber umfangreiche Expertise bei R\u00e4umungsprojekten und garantieren Ihnen h\u00f6chste Zufriedenheit in Bezug auf unsere Leistungen. Unsere Klienten sch\u00e4tzen uns insbesondere aufgrund unserer Zuverl\u00e4ssigkeit, Fachkompetenz sowie Verschwiegenheit. Wir sind stolz darauf, bislang s\u00e4mtlichen Kundenanforderungen gerecht geworden zu sein und unsere Dienste durchweg von erstklassiger Qualit\u00e4t anzubieten.<\/p>\n\n\n\n<div class=\"wp-block-uagb-advanced-heading uagb-block-f2142625\"><h2 class=\"uagb-heading-text\">Hotelaufl\u00f6sung zum Festpreis<\/h2><\/div>\n\n\n\n<p>Falls Sie den Wunsch haben, Ihr Hotel aufzul\u00f6sen und dabei einen preiswerten und einfachen Weg verfolgen m\u00f6chten, sind Sie bei uns an der richtigen Stelle! Wir erm\u00f6glichen Ihnen, Ihr Gesch\u00e4ft zum Pauschalbetrag aufzul\u00f6sen, unabh\u00e4ngig von der Gr\u00f6\u00dfe Ihres Unternehmens. Alles wird von uns in die Hand genommen, sodass Sie keine \u00c4ngste mehr hegen m\u00fcssen. Z\u00f6gern Sie nicht, uns heute zu kontaktieren und sich von unseren Leistungen beeindrucken zu lassen!<\/p>\n\n\n\n<div class=\"wp-block-uagb-advanced-heading uagb-block-6e546023\"><h2 class=\"uagb-heading-text\">Ihre Hotelaufl\u00f6sung in Stuttgart<\/h2><p class=\"uagb-desc-text\">So helfen wir Ihnen<\/p><\/div>\n\n\n\n<p>Ihr Vorhaben ist die Schlie\u00dfung Ihres Hotels? Dann haben Sie in uns den idealen Partner gefunden! Wir stehen Ihnen zur Seite, um die Abwicklung Ihres Hotels problemlos zu gestalten. Die Beseitigung s\u00e4mtlicher M\u00f6belst\u00fccke sowie Einrichtungsgegenst\u00e4nde des Hotels wird durch uns gew\u00e4hrleistet, sodass das Hotel in einem sauberen und besenreinen Zustand \u00fcbergeben wird.<\/p>\n\n\n\n<p>So geht\u2019s:<\/p>\n\n\n\n<p><strong>1<\/strong>. Kontaktieren Sie uns und teilen Sie uns Ihre W\u00fcnsche mit. Wir vereinbaren gerne einen kostenlosen Besichtigungstermin.<br><strong>2.<\/strong>&nbsp;Wir erstellen ein Angebot f\u00fcr die Aufl\u00f6sung Ihres Hotels und besprechen mit Ihnen alle Details.<br><strong>3.<\/strong>&nbsp;Nachdem Sie uns gr\u00fcnes Licht gegeben haben, beginnen wir mit der Hotelaufl\u00f6sung<br><strong>4.<\/strong>&nbsp;Wir k\u00fcmmern uns um die Abholung und Verwertung aller Hotelm\u00f6bel und -einrichtungen und sorgen daf\u00fcr, dass Ihr Hotel sauber und besenrein hinterlassen wird.<\/p>\n\n\n\n<p>Mit unserer Unterst\u00fctzung gestaltet sich die Hotelaufl\u00f6sung in Stuttgart kinderleicht! Es bereitet uns Freude, Sie bei der Liquidation Ihres Hotels zu unterst\u00fctzen. F\u00fcr die Beendigung Ihres Betriebs erhalten Sie von uns einen Pauschalpreis. Dieser Tarif schlie\u00dft s\u00e4mtliche Aufwendungen ein, die im Zuge der Beendigung Ihrer Firma anstehen. Die gesamte Planung und Realisierung der <a href=\"https:\/\/www.studenten-power.de\/stuttgart\/geschaeftsaufloesung-stuttgart\/\">Gesch\u00e4ftsaufl\u00f6sung<\/a> liegt in unseren H\u00e4nden, wobei wir eine z\u00fcgige und problemlose Umsetzung gew\u00e4hrleisten. Rufen Sie uns heute noch an. Wir beraten Sie gerne.<\/p>\n\n\n\n<p>Wir sind \u00fcbrigens auch in weiteren St\u00e4dten f\u00fcr Sie t\u00e4tig:<br><a href=\"https:\/\/www.studenten-power.de\/leistungen\/hotelaufloesung-berlin\/\">Hotelaufl\u00f6sung in Berlin<\/a><br><a href=\"https:\/\/www.studenten-power.de\/nrw\/leistungen\/hotelaufloesung-nrw\/\">Hotelaufl\u00f6sung im Ruhrgebiet<\/a><\/p>\n\n\n\n<div class=\"wp-block-uagb-container uagb-block-351b98b3 alignwide uagb-is-root-container\">\n<div class=\"wp-block-uagb-info-box uagb-block-2bfa013b uagb-infobox__content-wrap  uagb-infobox-icon-above-title uagb-infobox-image-valign-top\"><div class=\"uagb-ifb-content\"><div class=\"uagb-ifb-image-content\"><img decoding=\"async\" src=\"https:\/\/www.studenten-power.de\/stuttgart\/wp-content\/uploads\/sites\/3\/2025\/07\/telefon.svg\" alt=\"Telefon Stuttgart\" width=\"60\" height=\"60\" loading=\"lazy\" title=\"\"><\/div><div class=\"uagb-ifb-title-wrap\"><p class=\"uagb-ifb-title\"><a href=\"tel:+4971116917260\">071116917260<\/a><\/p><\/div><div class=\"uagb-ifb-button-wrapper wp-block-button\"><a href=\"tel:+4971116917260\" target=\"_self\" onclick=\"return true;\" class=\"uagb-infobox-cta-link\" rel=\"noopener noreferrer\"><span class=\"uagb-inline-editing\">Direkt anrufen<\/span><\/a><\/div><\/div><\/div>\n\n\n\n<div class=\"wp-block-uagb-container uagb-block-a97bcde7\">\n<div class=\"wp-block-uagb-info-box uagb-block-919edb0f uagb-infobox__content-wrap  uagb-infobox-icon-above-title uagb-infobox-image-valign-top\"><div class=\"uagb-ifb-content\"><div class=\"uagb-ifb-image-content\"><img decoding=\"async\" src=\"https:\/\/www.studenten-power.de\/stuttgart\/wp-content\/uploads\/sites\/3\/2025\/07\/kontaktformular.svg\" alt=\"kontaktformular Stuttgart\" width=\"60\" height=\"60\" loading=\"lazy\" title=\"\"><\/div><div class=\"uagb-ifb-title-wrap\"><p class=\"uagb-ifb-title\"><a href=\"\/stuttgart\/kostenloses-angebot\/\">Kontaktformular<\/a><\/p><\/div><div class=\"uagb-ifb-button-wrapper wp-block-button\"><a href=\"\/stuttgart\/kostenloses-angebot\/\" target=\"_self\" onclick=\"return true;\" class=\"uagb-infobox-cta-link\" rel=\"noopener noreferrer\"><span class=\"uagb-inline-editing\">Formular ausf\u00fcllen<\/span><\/a><\/div><\/div><\/div>\n<\/div>\n\n\n\n<div class=\"wp-block-uagb-container uagb-block-e5dea160\">\n<div class=\"wp-block-uagb-info-box uagb-block-09a40d82 uagb-infobox__content-wrap  uagb-infobox-icon-above-title uagb-infobox-image-valign-top\"><div class=\"uagb-ifb-content\"><div class=\"uagb-ifb-image-content\"><img decoding=\"async\" src=\"https:\/\/www.studenten-power.de\/stuttgart\/wp-content\/uploads\/sites\/3\/2025\/07\/whatsapp.svg\" alt=\"whatsapp Stuttgart\" width=\"60\" height=\"60\" loading=\"lazy\" title=\"\"><\/div><div class=\"uagb-ifb-title-wrap\"><p class=\"uagb-ifb-title\"><a href=\"\/stuttgart\/blitzangebot-stuttgart\/\">Blitzangebot via WhatsApp<\/a><\/p><\/div><div class=\"uagb-ifb-button-wrapper wp-block-button\"><a href=\"\/stuttgart\/blitzangebot-stuttgart\/\" target=\"_self\" onclick=\"return true;\" class=\"uagb-infobox-cta-link\" rel=\"noopener noreferrer\"><span class=\"uagb-inline-editing\">Sofort chatten<\/span><\/a><\/div><\/div><\/div>\n<\/div>\n<\/div>\n<\/div><\/div>\n\n\n\n<h3 class=\"wp-block-heading\">Weitere Dienstleistungen<\/h3>\n\n\n\n<p><a href=\"https:\/\/www.studenten-power.de\/stuttgart\/\">Entr\u00fcmpelung &amp; Haushaltsaufl\u00f6sung Stuttgart<\/a> \u00b7 <a href=\"https:\/\/www.studenten-power.de\/stuttgart\/wohnungsaufloesung-stuttgart\/\">Haushaltsaufl\u00f6sung Stuttgart: Kosten &amp; Ablauf<\/a> \u00b7 <a href=\"https:\/\/www.studenten-power.de\/stuttgart\/sperrmuell-stuttgart\/\">Sperrm\u00fcll Stuttgart<\/a> \u00b7 <a href=\"https:\/\/www.studenten-power.de\/stuttgart\/entsorgung-stuttgart\/\">Entsorgung Stuttgart<\/a> \u00b7 <a href=\"https:\/\/www.studenten-power.de\/stuttgart\/geschaeftsaufloesung-stuttgart\/\">Gesch\u00e4ftsaufl\u00f6sung Stuttgart<\/a> \u00b7 <a href=\"https:\/\/www.studenten-power.de\/stuttgart\/handwerker-finden-in-stuttgart\/\">Handwerker Stuttgart<\/a><\/p>\n\n\n\n<div class=\"wp-block-uagb-container uagb-block-da9d7c3b alignfull uagb-is-root-container\"><div class=\"uagb-container-inner-blocks-wrap\">\n<div style=\"height:100px\" aria-hidden=\"true\" class=\"wp-block-spacer\"><\/div>\n\n\n<div class='fluentform ff-default fluentform_wrapper_4 ffs_default_wrap'><form data-form_id=\"4\" id=\"fluentform_4\" class=\"frm-fluent-form fluent_form_4 ff-el-form-top ff_form_instance_4_1 ff-form-loading ff_has_v3_recptcha ffs_default\" data-form_instance=\"ff_form_instance_4_1\" method=\"POST\" data-recptcha_key=\"6LdhmWIrAAAAAN_iy0OUZwj4Y5WUjQk5PZe-PJp9\" ><fieldset  style=\"border: none!important;margin: 0!important;padding: 0!important;background-color: transparent!important;box-shadow: none!important;outline: none!important; min-inline-size: 100%;\">\n                    <legend class=\"ff_screen_reader_title\" style=\"display: block; margin: 0!important;padding: 0!important;height: 0!important;text-indent: -999999px;width: 0!important;overflow:hidden;\">Customer Feedback Form<\/legend>        <div\n                style=\"display: none!important; position: absolute!important; transform: translateX(1000%)!important;\"\n                class=\"ff-el-group ff-hpsf-container\"\n        >\n            <div class=\"ff-el-input--label asterisk-right\">\n                <label for=\"ff_4_item_sf\" aria-label=\"Updates\">\n                    Updates                <\/label>\n            <\/div>\n            <div class=\"ff-el-input--content\">\n                <input type=\"text\"\n                       name=\"item_4__fluent_sf\"\n                       class=\"ff-el-form-control\"\n                       id=\"ff_4_item_sf\"\n                \/>\n            <\/div>\n        <\/div>\n                <input type=\"hidden\" id=\"__fluent_protection_token_4\" class=\"fluent-form-token-field\" name=\"__fluent_protection_token_4\">\n        <input type='hidden' name='__fluent_form_embded_post_id' value='35' \/><input type=\"hidden\" id=\"_fluentform_4_fluentformnonce\" name=\"_fluentform_4_fluentformnonce\" value=\"e43759dbd0\" \/><input type=\"hidden\" name=\"_wp_http_referer\" value=\"\/stuttgart\/wp-json\/wp\/v2\/pages\/35\" \/><div class='ff-el-group'><div class=\"ff-el-input--label asterisk-right\"><label   aria-label=\"Konnten Sie die gesuchten Informationen auf dieser Seite finden?\">Konnten Sie die gesuchten Informationen auf dieser Seite finden?<\/label><\/div><div class='ff-el-input--content'><div class='ff-el-ratings jss-ff-el-ratings' role='radiogroup'><label for=service_rating_8fa2f94c75b6958a1bda64eb7abee78e class=''><input name=\"service_rating\" data-name=\"service_rating\" type=\"radio\" tabindex=\"1\"  id=service_rating_8fa2f94c75b6958a1bda64eb7abee78e aria-valuenow='1' value='1' aria-required=false aria-invalid='false'><?xml version=\"1.0\" encoding=\"iso-8859-1\"?><svg class=\"jss-ff-svg ff-svg\" version=\"1.1\" xmlns=\"http:\/\/www.w3.org\/2000\/svg\" xmlns:xlink=\"http:\/\/www.w3.org\/1999\/xlink\" x=\"0px\" y=\"0px\" viewBox=\"0 0 53.867 53.867\" style=\"enable-background:new 0 0 53.867 53.867;\" xml:space=\"preserve\"><polygon points=\"26.934,1.318 35.256,18.182 53.867,20.887 40.4,34.013 43.579,52.549 26.934,43.798 10.288,52.549 13.467,34.013 0,20.887 18.611,18.182 \"\/><g><\/g><g><\/g><g><\/g><g><\/g><g><\/g><g><\/g><g><\/g><g><\/g><g><\/g><g><\/g><g><\/g><g><\/g><g><\/g><g><\/g><g><\/g><\/svg><\/label><label for=service_rating_adce850a5bb18124dc82a4022bde27f9 class=''><input name=\"service_rating\" data-name=\"service_rating\" type=\"radio\" tabindex=\"2\"  id=service_rating_adce850a5bb18124dc82a4022bde27f9 aria-valuenow='2' value='2' aria-required=false aria-invalid='false'><?xml version=\"1.0\" encoding=\"iso-8859-1\"?><svg class=\"jss-ff-svg ff-svg\" version=\"1.1\" xmlns=\"http:\/\/www.w3.org\/2000\/svg\" xmlns:xlink=\"http:\/\/www.w3.org\/1999\/xlink\" x=\"0px\" y=\"0px\" viewBox=\"0 0 53.867 53.867\" style=\"enable-background:new 0 0 53.867 53.867;\" xml:space=\"preserve\"><polygon points=\"26.934,1.318 35.256,18.182 53.867,20.887 40.4,34.013 43.579,52.549 26.934,43.798 10.288,52.549 13.467,34.013 0,20.887 18.611,18.182 \"\/><g><\/g><g><\/g><g><\/g><g><\/g><g><\/g><g><\/g><g><\/g><g><\/g><g><\/g><g><\/g><g><\/g><g><\/g><g><\/g><g><\/g><g><\/g><\/svg><\/label><label for=service_rating_a895ac93d6932e0e768e10134d2311fe class=''><input name=\"service_rating\" data-name=\"service_rating\" type=\"radio\" tabindex=\"3\"  id=service_rating_a895ac93d6932e0e768e10134d2311fe aria-valuenow='3' value='3' aria-required=false aria-invalid='false'><?xml version=\"1.0\" encoding=\"iso-8859-1\"?><svg class=\"jss-ff-svg ff-svg\" version=\"1.1\" xmlns=\"http:\/\/www.w3.org\/2000\/svg\" xmlns:xlink=\"http:\/\/www.w3.org\/1999\/xlink\" x=\"0px\" y=\"0px\" viewBox=\"0 0 53.867 53.867\" style=\"enable-background:new 0 0 53.867 53.867;\" xml:space=\"preserve\"><polygon points=\"26.934,1.318 35.256,18.182 53.867,20.887 40.4,34.013 43.579,52.549 26.934,43.798 10.288,52.549 13.467,34.013 0,20.887 18.611,18.182 \"\/><g><\/g><g><\/g><g><\/g><g><\/g><g><\/g><g><\/g><g><\/g><g><\/g><g><\/g><g><\/g><g><\/g><g><\/g><g><\/g><g><\/g><g><\/g><\/svg><\/label><label for=service_rating_ddb45f0a3e4bcde184b59ca44cd50ff1 class=''><input name=\"service_rating\" data-name=\"service_rating\" type=\"radio\" tabindex=\"4\"  id=service_rating_ddb45f0a3e4bcde184b59ca44cd50ff1 aria-valuenow='4' value='4' aria-required=false aria-invalid='false'><?xml version=\"1.0\" encoding=\"iso-8859-1\"?><svg class=\"jss-ff-svg ff-svg\" version=\"1.1\" xmlns=\"http:\/\/www.w3.org\/2000\/svg\" xmlns:xlink=\"http:\/\/www.w3.org\/1999\/xlink\" x=\"0px\" y=\"0px\" viewBox=\"0 0 53.867 53.867\" style=\"enable-background:new 0 0 53.867 53.867;\" xml:space=\"preserve\"><polygon points=\"26.934,1.318 35.256,18.182 53.867,20.887 40.4,34.013 43.579,52.549 26.934,43.798 10.288,52.549 13.467,34.013 0,20.887 18.611,18.182 \"\/><g><\/g><g><\/g><g><\/g><g><\/g><g><\/g><g><\/g><g><\/g><g><\/g><g><\/g><g><\/g><g><\/g><g><\/g><g><\/g><g><\/g><g><\/g><\/svg><\/label><label for=service_rating_2bc6fb277a22b86eb0577a17fcd9bd0a class=''><input name=\"service_rating\" data-name=\"service_rating\" type=\"radio\" tabindex=\"5\"  id=service_rating_2bc6fb277a22b86eb0577a17fcd9bd0a aria-valuenow='5' value='5' aria-required=false aria-invalid='false'><?xml version=\"1.0\" encoding=\"iso-8859-1\"?><svg class=\"jss-ff-svg ff-svg\" version=\"1.1\" xmlns=\"http:\/\/www.w3.org\/2000\/svg\" xmlns:xlink=\"http:\/\/www.w3.org\/1999\/xlink\" x=\"0px\" y=\"0px\" viewBox=\"0 0 53.867 53.867\" style=\"enable-background:new 0 0 53.867 53.867;\" xml:space=\"preserve\"><polygon points=\"26.934,1.318 35.256,18.182 53.867,20.887 40.4,34.013 43.579,52.549 26.934,43.798 10.288,52.549 13.467,34.013 0,20.887 18.611,18.182 \"\/><g><\/g><g><\/g><g><\/g><g><\/g><g><\/g><g><\/g><g><\/g><g><\/g><g><\/g><g><\/g><g><\/g><g><\/g><g><\/g><g><\/g><g><\/g><\/svg><\/label><\/div><\/div><\/div><div class='ff-el-group'><div class=\"ff-el-input--label asterisk-right\"><label for='ff_4_feedback_comments' id='label_ff_4_feedback_comments' aria-label=\"Ihr Feedback\">Ihr Feedback<\/label><\/div><div class='ff-el-input--content'><textarea aria-required=\"false\" aria-labelledby=\"label_ff_4_feedback_comments\" name=\"feedback_comments\" id=\"ff_4_feedback_comments\" class=\"ff-el-form-control\" placeholder=\"Ihr Feedback ist anonym und wird nicht ver\u00f6ffentlicht.\" rows=\"3\" cols=\"2\" data-name=\"feedback_comments\" tabindex=\"6\" ><\/textarea><\/div><\/div><div class='ff-el-group ff-text-left ff_submit_btn_wrapper'><button type=\"submit\" class=\"ff-btn ff-btn-submit ff-btn-md ff_btn_style\" tabindex=\"7\"  aria-label=\"Absenden\">Absenden<\/button><\/div><\/fieldset><\/form><div id='fluentform_4_errors' class='ff-errors-in-stack ff_form_instance_4_1 ff-form-loading_errors ff_form_instance_4_1_errors'><\/div><\/div>            <script type=\"text\/javascript\">\n                window.fluent_form_ff_form_instance_4_1 = {\"id\":\"4\",\"settings\":{\"layout\":{\"labelPlacement\":\"top\",\"asteriskPlacement\":\"asterisk-right\",\"helpMessagePlacement\":\"with_label\",\"errorMessagePlacement\":\"inline\",\"cssClassName\":\"\"},\"restrictions\":{\"denyEmptySubmission\":{\"enabled\":false}}},\"form_instance\":\"ff_form_instance_4_1\",\"form_id_selector\":\"fluentform_4\",\"rules\":{\"service_rating\":{\"required\":{\"value\":false,\"message\":\"Angaben in diesem Feld sind erforderlich\",\"global_message\":\"Angaben in diesem Feld sind erforderlich\",\"global\":true}},\"feedback_comments\":{\"required\":{\"value\":false,\"message\":\"Angaben in diesem Feld sind erforderlich\",\"global_message\":\"Angaben in diesem Feld sind erforderlich\",\"global\":true}},\"g-recaptcha-response\":[]},\"debounce_time\":300};\n                            <\/script>\n            \n<\/div><\/div>\n","protected":false},"excerpt":{"rendered":"<p>Hotelaufl\u00f6sung Studenten-Power agiert als verl\u00e4sslicher Unterst\u00fctzer f\u00fcr Hotelaufl\u00f6sungen in Stuttgart. Sobald Ihr Hotel geschlossen ist, m\u00fcssen unz\u00e4hlige M\u00f6bel und Ausstattungselemente [&hellip;]<\/p>\n","protected":false},"author":2,"featured_media":0,"parent":0,"menu_order":0,"comment_status":"open","ping_status":"open","template":"","meta":{"_uag_custom_page_level_css":"","site-sidebar-layout":"default","site-content-layout":"","ast-site-content-layout":"","site-content-style":"default","site-sidebar-style":"default","ast-global-header-display":"","ast-banner-title-visibility":"","ast-main-header-display":"","ast-hfb-above-header-display":"","ast-hfb-below-header-display":"","ast-hfb-mobile-header-display":"","site-post-title":"","ast-breadcrumbs-content":"","ast-featured-img":"","footer-sml-layout":"","theme-transparent-header-meta":"","adv-header-id-meta":"","stick-header-meta":"","header-above-stick-meta":"","header-main-stick-meta":"","header-below-stick-meta":"","astra-migrate-meta-layouts":"default","ast-page-background-enabled":"default","ast-page-background-meta":{"desktop":{"background-color":"var(--ast-global-color-4)","background-image":"","background-repeat":"repeat","background-position":"center center","background-size":"auto","background-attachment":"scroll","background-type":"","background-media":"","overlay-type":"","overlay-color":"","overlay-opacity":"","overlay-gradient":""},"tablet":{"background-color":"","background-image":"","background-repeat":"repeat","background-position":"center center","background-size":"auto","background-attachment":"scroll","background-type":"","background-media":"","overlay-type":"","overlay-color":"","overlay-opacity":"","overlay-gradient":""},"mobile":{"background-color":"","background-image":"","background-repeat":"repeat","background-position":"center center","background-size":"auto","background-attachment":"scroll","background-type":"","background-media":"","overlay-type":"","overlay-color":"","overlay-opacity":"","overlay-gradient":""}},"ast-content-background-meta":{"desktop":{"background-color":"var(--ast-global-color-5)","background-image":"","background-repeat":"repeat","background-position":"center center","background-size":"auto","background-attachment":"scroll","background-type":"","background-media":"","overlay-type":"","overlay-color":"","overlay-opacity":"","overlay-gradient":""},"tablet":{"background-color":"var(--ast-global-color-5)","background-image":"","background-repeat":"repeat","background-position":"center center","background-size":"auto","background-attachment":"scroll","background-type":"","background-media":"","overlay-type":"","overlay-color":"","overlay-opacity":"","overlay-gradient":""},"mobile":{"background-color":"var(--ast-global-color-5)","background-image":"","background-repeat":"repeat","background-position":"center center","background-size":"auto","background-attachment":"scroll","background-type":"","background-media":"","overlay-type":"","overlay-color":"","overlay-opacity":"","overlay-gradient":""}},"footnotes":""},"class_list":["post-35","page","type-page","status-publish","hentry"],"uagb_featured_image_src":{"full":false,"thumbnail":false,"medium":false,"medium_large":false,"large":false,"1536x1536":false,"2048x2048":false},"uagb_author_info":{"display_name":"Power-Redakteur","author_link":"https:\/\/www.studenten-power.de\/stuttgart\/author\/merttuerk\/"},"uagb_comment_info":0,"uagb_excerpt":"Hotelaufl\u00f6sung Studenten-Power agiert als verl\u00e4sslicher Unterst\u00fctzer f\u00fcr Hotelaufl\u00f6sungen in Stuttgart. Sobald Ihr Hotel geschlossen ist, m\u00fcssen unz\u00e4hlige M\u00f6bel und Ausstattungselemente [&hellip;]","_links":{"self":[{"href":"https:\/\/www.studenten-power.de\/stuttgart\/wp-json\/wp\/v2\/pages\/35","targetHints":{"allow":["GET"]}}],"collection":[{"href":"https:\/\/www.studenten-power.de\/stuttgart\/wp-json\/wp\/v2\/pages"}],"about":[{"href":"https:\/\/www.studenten-power.de\/stuttgart\/wp-json\/wp\/v2\/types\/page"}],"author":[{"embeddable":true,"href":"https:\/\/www.studenten-power.de\/stuttgart\/wp-json\/wp\/v2\/users\/2"}],"replies":[{"embeddable":true,"href":"https:\/\/www.studenten-power.de\/stuttgart\/wp-json\/wp\/v2\/comments?post=35"}],"version-history":[{"count":0,"href":"https:\/\/www.studenten-power.de\/stuttgart\/wp-json\/wp\/v2\/pages\/35\/revisions"}],"wp:attachment":[{"href":"https:\/\/www.studenten-power.de\/stuttgart\/wp-json\/wp\/v2\/media?parent=35"}],"curies":[{"name":"wp","href":"https:\/\/api.w.org\/{rel}","templated":true}]}}