{"id":39,"date":"2023-03-20T12:28:32","date_gmt":"2023-03-20T11:28:32","guid":{"rendered":"https:\/\/www.studenten-power.de\/stuttgart\/kuehlschrank-entsorgen-stuttgart\/"},"modified":"2026-03-28T23:11:27","modified_gmt":"2026-03-28T22:11:27","slug":"kuehlschrank-entsorgen-stuttgart","status":"publish","type":"page","link":"https:\/\/www.studenten-power.de\/stuttgart\/kuehlschrank-entsorgen-stuttgart\/","title":{"rendered":"K\u00fchlschrank entsorgen in Stuttgart? \u00dcbernehmen wir gerne"},"content":{"rendered":"\n<div class=\"wp-block-uagb-container uagb-block-2a201ae2 alignfull uagb-is-root-container\"><div class=\"uagb-container-inner-blocks-wrap\">\n<div class=\"wp-block-uagb-container uagb-block-57be1e35\">\n<div class=\"wp-block-uagb-advanced-heading uagb-block-84faa642\"><h2 class=\"uagb-heading-text\">K\u00fchlschrank entsorgen in Stuttgart<\/h2><\/div>\n\n\n\n<p>In Stuttgart k\u00fcmmern wir uns um die Entsorgung Ihres alten oder kaputten K\u00fchlschranks. In Stuttgart entsorgen wir Ihren K\u00fchlschrank fachgerecht. Alte oder kaputte Haushalts- und Elektroger\u00e4te wie beispielsweise Waschmaschinen oder Geschirrsp\u00fclmaschinen werden von uns ebenfalls rasch und kosteng\u00fcnstig abgeholt.<\/p>\n\n\n\n<p>Die preiswerte, z\u00fcgige und fachm\u00e4nnische Hilfe unseres Entsorgungsservices erm\u00f6glicht Ihnen die Abholung und Beseitigung Ihres K\u00fchlschranks sowie weiterer sperriger Haushaltsger\u00e4te, die entweder \u00fcberfl\u00fcssig geworden sind oder nicht mehr funktionieren.<\/p>\n<\/div>\n\n\n\n<div class=\"wp-block-uagb-container uagb-block-5833a512\">\n<div class=\"wp-block-uagb-image uagb-block-6e6bac5a wp-block-uagb-image--layout-default wp-block-uagb-image--effect-static wp-block-uagb-image--align-none\"><figure class=\"wp-block-uagb-image__figure\"><img decoding=\"async\" srcset=\"https:\/\/www.studenten-power.de\/stuttgart\/wp-content\/uploads\/sites\/3\/2024\/04\/stuttgart-016.png ,https:\/\/www.studenten-power.de\/stuttgart\/wp-content\/uploads\/sites\/3\/2024\/04\/stuttgart-016.png 780w, https:\/\/www.studenten-power.de\/stuttgart\/wp-content\/uploads\/sites\/3\/2024\/04\/stuttgart-016.png 360w\" sizes=\"auto, (max-width: 480px) 150px\" src=\"https:\/\/www.studenten-power.de\/stuttgart\/wp-content\/uploads\/sites\/3\/2024\/04\/stuttgart-016.png\" alt=\"K\u00fchlschrank entsorgen in Stuttgart\" class=\"uag-image-96\" width=\"500\" height=\"500\" title=\"K\u00fchlschrank entsorgen in Stuttgart\" loading=\"lazy\" role=\"img\"\/><\/figure><\/div>\n<\/div>\n<\/div><\/div>\n\n\n\n<div class=\"wp-block-uagb-container uagb-block-d114515f alignfull uagb-is-root-container\"><div class=\"uagb-container-inner-blocks-wrap\">\n<div class=\"wp-block-uagb-advanced-heading uagb-block-c2ee4e94\"><h2 class=\"uagb-heading-text\">Wo entsorgen wir unseren alten K\u00fchlschrank?<\/h2><\/div>\n\n\n\n<p>Mit jahrelanger Expertise im <a href=\"https:\/\/www.studenten-power.de\/stuttgart\/entsorgung-stuttgart\/\">Entsorgungsbereich in Stuttgart<\/a> sind wir routiniert, kosteng\u00fcnstig und verl\u00e4sslich t\u00e4tig. Unsere sachkundigen Mitarbeiter agieren professionell, insbesondere bei Ger\u00e4ten, die einen erh\u00f6hten Aufwand erfordern. Die Beseitigung von K\u00fchlschr\u00e4nken z\u00e4hlt zu unseren allt\u00e4glichen Aufgaben. Verl\u00e4sslichkeit, P\u00fcnktlichkeit und die Orientierung an den Kundenanforderungen stellen das Fundament unserer Dienstleistungen dar. Studenten-Power k\u00fcmmert sich um die Beseitigung jeglicher sperriger Gegenst\u00e4nde f\u00fcr Sie.<\/p>\n\n\n\n<p><strong>Unser Mindestabholpreis betr\u00e4gt f\u00fcr Stadtteil Innenstadt und S\u00fcd 250,00 \u20ac in Stuttgart. Alle anderen Stadtteile kosten ab 400,00 \u20ac. Gerne unterbreiten wir Ihnen ein individuelles Angebot.<\/strong><\/p>\n\n\n\n<div class=\"wp-block-uagb-advanced-heading uagb-block-2d0abde1\"><h2 class=\"uagb-heading-text\">K\u00fchlschrank entsorgen in der N\u00e4he<\/h2><\/div>\n\n\n\n<p>In ganz Stuttgart und Umgebung sind wir f\u00fcr unsere Kunden t\u00e4tig. Sparen Sie sich wertvolle Zeit und schonen Sie Ihren R\u00fccken und beauftragen Sie Studenten-Power, die neben erfahrenem Personal auch \u00fcber die entsprechende Ausr\u00fcstung verf\u00fcgt. Studenten-Power holt Ihren K\u00fchlschrank \u00fcberall in Stuttgart und Umgebung ab und entsorgt diese fachgerecht.<\/p>\n\n\n\n<div class=\"wp-block-uagb-advanced-heading uagb-block-45839a39\"><h2 class=\"uagb-heading-text\">Alten K\u00fchlschrank entsorgen oder doch reparieren?<\/h2><\/div>\n\n\n\n<p>Wenn Sie einen energieeffizienten K\u00fchlschrank besitzen und das Problem zu l\u00f6sen ist, dann kann die Reparatur an sich lohnen. Vorausgesetzt, die Reparaturkosten inkl. Material kosten weniger als ein neuer K\u00fchlschrank.<\/p>\n\n\n\n<!-- ratedo.de Widget -->\n<style>\n:root {\n  --ratedo-color-font: #121212;\n  --ratedo-color-background: linear-gradient(to top, #f1f7ff, #faf6fd);\n  --ratedo-color-shadow: rgba(0, 0, 0, 0.12);\n  --ratedo-size-border: 1px;\n  --ratedo-color-border: #c3c3c3;\n}\n<\/style>\n<div class=\"ratedo-w2\" data-ratedo_id=\"091d039b02ddf4d2fb7f5be76e1c77465d6b4ec7\"><\/div>\n<script type=\"text\/javascript\" src=\"https:\/\/www.ratedo.de\/js\/widgets\/ratedo-widget2.min.js\" async><\/script>\n<!-- ratedo.de Widget -->\n<\/div><\/div>\n\n\n\n<h3 class=\"wp-block-heading\">Weitere Dienstleistungen<\/h3>\n\n\n\n<p><a href=\"https:\/\/www.studenten-power.de\/stuttgart\/\">Entr\u00fcmpelung &amp; Haushaltsaufl\u00f6sung Stuttgart<\/a> \u00b7 <a href=\"https:\/\/www.studenten-power.de\/stuttgart\/wohnungsaufloesung-stuttgart\/\">Haushaltsaufl\u00f6sung Stuttgart: Kosten &amp; Ablauf<\/a> \u00b7 <a href=\"https:\/\/www.studenten-power.de\/stuttgart\/sperrmuell-stuttgart\/\">Sperrm\u00fcll Stuttgart<\/a> \u00b7 <a href=\"https:\/\/www.studenten-power.de\/stuttgart\/entsorgung-stuttgart\/\">Entsorgung Stuttgart<\/a> \u00b7 <a href=\"https:\/\/www.studenten-power.de\/stuttgart\/geschaeftsaufloesung-stuttgart\/\">Gesch\u00e4ftsaufl\u00f6sung Stuttgart<\/a> \u00b7 <a href=\"https:\/\/www.studenten-power.de\/stuttgart\/handwerker-finden-in-stuttgart\/\">Handwerker Stuttgart<\/a><\/p>\n\n\n\n<div class=\"wp-block-uagb-container uagb-block-da9d7c3b alignfull uagb-is-root-container\"><div class=\"uagb-container-inner-blocks-wrap\">\n<div style=\"height:100px\" aria-hidden=\"true\" class=\"wp-block-spacer\"><\/div>\n\n\n<div class='fluentform ff-default fluentform_wrapper_4 ffs_default_wrap'><form data-form_id=\"4\" id=\"fluentform_4\" class=\"frm-fluent-form fluent_form_4 ff-el-form-top ff_form_instance_4_1 ff-form-loading ff_has_v3_recptcha ffs_default\" data-form_instance=\"ff_form_instance_4_1\" method=\"POST\" data-recptcha_key=\"6LdhmWIrAAAAAN_iy0OUZwj4Y5WUjQk5PZe-PJp9\" ><fieldset  style=\"border: none!important;margin: 0!important;padding: 0!important;background-color: transparent!important;box-shadow: none!important;outline: none!important; min-inline-size: 100%;\">\n                    <legend class=\"ff_screen_reader_title\" style=\"display: block; margin: 0!important;padding: 0!important;height: 0!important;text-indent: -999999px;width: 0!important;overflow:hidden;\">Customer Feedback Form<\/legend>        <div\n                style=\"display: none!important; position: absolute!important; transform: translateX(1000%)!important;\"\n                class=\"ff-el-group ff-hpsf-container\"\n        >\n            <div class=\"ff-el-input--label asterisk-right\">\n                <label for=\"ff_4_item_sf\" aria-label=\"Subscribe\">\n                    Subscribe                <\/label>\n            <\/div>\n            <div class=\"ff-el-input--content\">\n                <input type=\"text\"\n                       name=\"item_4__fluent_sf\"\n                       class=\"ff-el-form-control\"\n                       id=\"ff_4_item_sf\"\n                \/>\n            <\/div>\n        <\/div>\n                <input type=\"hidden\" id=\"__fluent_protection_token_4\" class=\"fluent-form-token-field\" name=\"__fluent_protection_token_4\">\n        <input type='hidden' name='__fluent_form_embded_post_id' value='39' \/><input type=\"hidden\" id=\"_fluentform_4_fluentformnonce\" name=\"_fluentform_4_fluentformnonce\" value=\"e43759dbd0\" \/><input type=\"hidden\" name=\"_wp_http_referer\" value=\"\/stuttgart\/wp-json\/wp\/v2\/pages\/39\" \/><div class='ff-el-group'><div class=\"ff-el-input--label asterisk-right\"><label   aria-label=\"Konnten Sie die gesuchten Informationen auf dieser Seite finden?\">Konnten Sie die gesuchten Informationen auf dieser Seite finden?<\/label><\/div><div class='ff-el-input--content'><div class='ff-el-ratings jss-ff-el-ratings' role='radiogroup'><label for=service_rating_2f32bc049388a32d603a774a14f222ed class=''><input name=\"service_rating\" data-name=\"service_rating\" type=\"radio\" tabindex=\"1\"  id=service_rating_2f32bc049388a32d603a774a14f222ed aria-valuenow='1' value='1' aria-required=false aria-invalid='false'><?xml version=\"1.0\" encoding=\"iso-8859-1\"?><svg class=\"jss-ff-svg ff-svg\" version=\"1.1\" xmlns=\"http:\/\/www.w3.org\/2000\/svg\" xmlns:xlink=\"http:\/\/www.w3.org\/1999\/xlink\" x=\"0px\" y=\"0px\" viewBox=\"0 0 53.867 53.867\" style=\"enable-background:new 0 0 53.867 53.867;\" xml:space=\"preserve\"><polygon points=\"26.934,1.318 35.256,18.182 53.867,20.887 40.4,34.013 43.579,52.549 26.934,43.798 10.288,52.549 13.467,34.013 0,20.887 18.611,18.182 \"\/><g><\/g><g><\/g><g><\/g><g><\/g><g><\/g><g><\/g><g><\/g><g><\/g><g><\/g><g><\/g><g><\/g><g><\/g><g><\/g><g><\/g><g><\/g><\/svg><\/label><label for=service_rating_97aac6bc322487a696dbeb031eb715ad class=''><input name=\"service_rating\" data-name=\"service_rating\" type=\"radio\" tabindex=\"2\"  id=service_rating_97aac6bc322487a696dbeb031eb715ad aria-valuenow='2' value='2' aria-required=false aria-invalid='false'><?xml version=\"1.0\" encoding=\"iso-8859-1\"?><svg class=\"jss-ff-svg ff-svg\" version=\"1.1\" xmlns=\"http:\/\/www.w3.org\/2000\/svg\" xmlns:xlink=\"http:\/\/www.w3.org\/1999\/xlink\" x=\"0px\" y=\"0px\" viewBox=\"0 0 53.867 53.867\" style=\"enable-background:new 0 0 53.867 53.867;\" xml:space=\"preserve\"><polygon points=\"26.934,1.318 35.256,18.182 53.867,20.887 40.4,34.013 43.579,52.549 26.934,43.798 10.288,52.549 13.467,34.013 0,20.887 18.611,18.182 \"\/><g><\/g><g><\/g><g><\/g><g><\/g><g><\/g><g><\/g><g><\/g><g><\/g><g><\/g><g><\/g><g><\/g><g><\/g><g><\/g><g><\/g><g><\/g><\/svg><\/label><label for=service_rating_609390fb2ea3baae462fde821d3cb7a3 class=''><input name=\"service_rating\" data-name=\"service_rating\" type=\"radio\" tabindex=\"3\"  id=service_rating_609390fb2ea3baae462fde821d3cb7a3 aria-valuenow='3' value='3' aria-required=false aria-invalid='false'><?xml version=\"1.0\" encoding=\"iso-8859-1\"?><svg class=\"jss-ff-svg ff-svg\" version=\"1.1\" xmlns=\"http:\/\/www.w3.org\/2000\/svg\" xmlns:xlink=\"http:\/\/www.w3.org\/1999\/xlink\" x=\"0px\" y=\"0px\" viewBox=\"0 0 53.867 53.867\" style=\"enable-background:new 0 0 53.867 53.867;\" xml:space=\"preserve\"><polygon points=\"26.934,1.318 35.256,18.182 53.867,20.887 40.4,34.013 43.579,52.549 26.934,43.798 10.288,52.549 13.467,34.013 0,20.887 18.611,18.182 \"\/><g><\/g><g><\/g><g><\/g><g><\/g><g><\/g><g><\/g><g><\/g><g><\/g><g><\/g><g><\/g><g><\/g><g><\/g><g><\/g><g><\/g><g><\/g><\/svg><\/label><label for=service_rating_da492c8367fd217a010793b09ace558e class=''><input name=\"service_rating\" data-name=\"service_rating\" type=\"radio\" tabindex=\"4\"  id=service_rating_da492c8367fd217a010793b09ace558e aria-valuenow='4' value='4' aria-required=false aria-invalid='false'><?xml version=\"1.0\" encoding=\"iso-8859-1\"?><svg class=\"jss-ff-svg ff-svg\" version=\"1.1\" xmlns=\"http:\/\/www.w3.org\/2000\/svg\" xmlns:xlink=\"http:\/\/www.w3.org\/1999\/xlink\" x=\"0px\" y=\"0px\" viewBox=\"0 0 53.867 53.867\" style=\"enable-background:new 0 0 53.867 53.867;\" xml:space=\"preserve\"><polygon points=\"26.934,1.318 35.256,18.182 53.867,20.887 40.4,34.013 43.579,52.549 26.934,43.798 10.288,52.549 13.467,34.013 0,20.887 18.611,18.182 \"\/><g><\/g><g><\/g><g><\/g><g><\/g><g><\/g><g><\/g><g><\/g><g><\/g><g><\/g><g><\/g><g><\/g><g><\/g><g><\/g><g><\/g><g><\/g><\/svg><\/label><label for=service_rating_6ce43a3f396baefb6b94a96f06c41b79 class=''><input name=\"service_rating\" data-name=\"service_rating\" type=\"radio\" tabindex=\"5\"  id=service_rating_6ce43a3f396baefb6b94a96f06c41b79 aria-valuenow='5' value='5' aria-required=false aria-invalid='false'><?xml version=\"1.0\" encoding=\"iso-8859-1\"?><svg class=\"jss-ff-svg ff-svg\" version=\"1.1\" xmlns=\"http:\/\/www.w3.org\/2000\/svg\" xmlns:xlink=\"http:\/\/www.w3.org\/1999\/xlink\" x=\"0px\" y=\"0px\" viewBox=\"0 0 53.867 53.867\" style=\"enable-background:new 0 0 53.867 53.867;\" xml:space=\"preserve\"><polygon points=\"26.934,1.318 35.256,18.182 53.867,20.887 40.4,34.013 43.579,52.549 26.934,43.798 10.288,52.549 13.467,34.013 0,20.887 18.611,18.182 \"\/><g><\/g><g><\/g><g><\/g><g><\/g><g><\/g><g><\/g><g><\/g><g><\/g><g><\/g><g><\/g><g><\/g><g><\/g><g><\/g><g><\/g><g><\/g><\/svg><\/label><\/div><\/div><\/div><div class='ff-el-group'><div class=\"ff-el-input--label asterisk-right\"><label for='ff_4_feedback_comments' id='label_ff_4_feedback_comments' aria-label=\"Ihr Feedback\">Ihr Feedback<\/label><\/div><div class='ff-el-input--content'><textarea aria-required=\"false\" aria-labelledby=\"label_ff_4_feedback_comments\" name=\"feedback_comments\" id=\"ff_4_feedback_comments\" class=\"ff-el-form-control\" placeholder=\"Ihr Feedback ist anonym und wird nicht ver\u00f6ffentlicht.\" rows=\"3\" cols=\"2\" data-name=\"feedback_comments\" tabindex=\"6\" ><\/textarea><\/div><\/div><div class='ff-el-group ff-text-left ff_submit_btn_wrapper'><button type=\"submit\" class=\"ff-btn ff-btn-submit ff-btn-md ff_btn_style\" tabindex=\"7\"  aria-label=\"Absenden\">Absenden<\/button><\/div><\/fieldset><\/form><div id='fluentform_4_errors' class='ff-errors-in-stack ff_form_instance_4_1 ff-form-loading_errors ff_form_instance_4_1_errors'><\/div><\/div>            <script type=\"text\/javascript\">\n                window.fluent_form_ff_form_instance_4_1 = {\"id\":\"4\",\"settings\":{\"layout\":{\"labelPlacement\":\"top\",\"asteriskPlacement\":\"asterisk-right\",\"helpMessagePlacement\":\"with_label\",\"errorMessagePlacement\":\"inline\",\"cssClassName\":\"\"},\"restrictions\":{\"denyEmptySubmission\":{\"enabled\":false}}},\"form_instance\":\"ff_form_instance_4_1\",\"form_id_selector\":\"fluentform_4\",\"rules\":{\"service_rating\":{\"required\":{\"value\":false,\"message\":\"Angaben in diesem Feld sind erforderlich\",\"global_message\":\"Angaben in diesem Feld sind erforderlich\",\"global\":true}},\"feedback_comments\":{\"required\":{\"value\":false,\"message\":\"Angaben in diesem Feld sind erforderlich\",\"global_message\":\"Angaben in diesem Feld sind erforderlich\",\"global\":true}},\"g-recaptcha-response\":[]},\"debounce_time\":300};\n                            <\/script>\n            \n<\/div><\/div>\n","protected":false},"excerpt":{"rendered":"<p>K\u00fchlschrank entsorgen in Stuttgart In Stuttgart k\u00fcmmern wir uns um die Entsorgung Ihres alten oder kaputten K\u00fchlschranks. In Stuttgart entsorgen [&hellip;]<\/p>\n","protected":false},"author":2,"featured_media":0,"parent":0,"menu_order":0,"comment_status":"open","ping_status":"open","template":"","meta":{"_uag_custom_page_level_css":"","site-sidebar-layout":"default","site-content-layout":"","ast-site-content-layout":"","site-content-style":"default","site-sidebar-style":"default","ast-global-header-display":"","ast-banner-title-visibility":"","ast-main-header-display":"","ast-hfb-above-header-display":"","ast-hfb-below-header-display":"","ast-hfb-mobile-header-display":"","site-post-title":"","ast-breadcrumbs-content":"","ast-featured-img":"","footer-sml-layout":"","theme-transparent-header-meta":"","adv-header-id-meta":"","stick-header-meta":"","header-above-stick-meta":"","header-main-stick-meta":"","header-below-stick-meta":"","astra-migrate-meta-layouts":"default","ast-page-background-enabled":"default","ast-page-background-meta":{"desktop":{"background-color":"var(--ast-global-color-4)","background-image":"","background-repeat":"repeat","background-position":"center center","background-size":"auto","background-attachment":"scroll","background-type":"","background-media":"","overlay-type":"","overlay-color":"","overlay-opacity":"","overlay-gradient":""},"tablet":{"background-color":"","background-image":"","background-repeat":"repeat","background-position":"center center","background-size":"auto","background-attachment":"scroll","background-type":"","background-media":"","overlay-type":"","overlay-color":"","overlay-opacity":"","overlay-gradient":""},"mobile":{"background-color":"","background-image":"","background-repeat":"repeat","background-position":"center center","background-size":"auto","background-attachment":"scroll","background-type":"","background-media":"","overlay-type":"","overlay-color":"","overlay-opacity":"","overlay-gradient":""}},"ast-content-background-meta":{"desktop":{"background-color":"var(--ast-global-color-5)","background-image":"","background-repeat":"repeat","background-position":"center center","background-size":"auto","background-attachment":"scroll","background-type":"","background-media":"","overlay-type":"","overlay-color":"","overlay-opacity":"","overlay-gradient":""},"tablet":{"background-color":"var(--ast-global-color-5)","background-image":"","background-repeat":"repeat","background-position":"center center","background-size":"auto","background-attachment":"scroll","background-type":"","background-media":"","overlay-type":"","overlay-color":"","overlay-opacity":"","overlay-gradient":""},"mobile":{"background-color":"var(--ast-global-color-5)","background-image":"","background-repeat":"repeat","background-position":"center center","background-size":"auto","background-attachment":"scroll","background-type":"","background-media":"","overlay-type":"","overlay-color":"","overlay-opacity":"","overlay-gradient":""}},"footnotes":""},"class_list":["post-39","page","type-page","status-publish","hentry"],"uagb_featured_image_src":{"full":false,"thumbnail":false,"medium":false,"medium_large":false,"large":false,"1536x1536":false,"2048x2048":false},"uagb_author_info":{"display_name":"Power-Redakteur","author_link":"https:\/\/www.studenten-power.de\/stuttgart\/author\/merttuerk\/"},"uagb_comment_info":0,"uagb_excerpt":"K\u00fchlschrank entsorgen in Stuttgart In Stuttgart k\u00fcmmern wir uns um die Entsorgung Ihres alten oder kaputten K\u00fchlschranks. In Stuttgart entsorgen [&hellip;]","_links":{"self":[{"href":"https:\/\/www.studenten-power.de\/stuttgart\/wp-json\/wp\/v2\/pages\/39","targetHints":{"allow":["GET"]}}],"collection":[{"href":"https:\/\/www.studenten-power.de\/stuttgart\/wp-json\/wp\/v2\/pages"}],"about":[{"href":"https:\/\/www.studenten-power.de\/stuttgart\/wp-json\/wp\/v2\/types\/page"}],"author":[{"embeddable":true,"href":"https:\/\/www.studenten-power.de\/stuttgart\/wp-json\/wp\/v2\/users\/2"}],"replies":[{"embeddable":true,"href":"https:\/\/www.studenten-power.de\/stuttgart\/wp-json\/wp\/v2\/comments?post=39"}],"version-history":[{"count":0,"href":"https:\/\/www.studenten-power.de\/stuttgart\/wp-json\/wp\/v2\/pages\/39\/revisions"}],"wp:attachment":[{"href":"https:\/\/www.studenten-power.de\/stuttgart\/wp-json\/wp\/v2\/media?parent=39"}],"curies":[{"name":"wp","href":"https:\/\/api.w.org\/{rel}","templated":true}]}}