{"id":46,"date":"2023-04-11T08:15:16","date_gmt":"2023-04-11T06:15:16","guid":{"rendered":"https:\/\/www.studenten-power.de\/stuttgart\/zimmer-im-pflegeheim-raeumen-nach-tod-stuttgart\/"},"modified":"2026-03-28T23:17:57","modified_gmt":"2026-03-28T22:17:57","slug":"zimmer-im-pflegeheim-raeumen-nach-tod-stuttgart","status":"publish","type":"page","link":"https:\/\/www.studenten-power.de\/stuttgart\/zimmer-im-pflegeheim-raeumen-nach-tod-stuttgart\/","title":{"rendered":"Zimmer im Pflegeheim r\u00e4umen nach Tod in Stuttgart"},"content":{"rendered":"\n<div class=\"wp-block-uagb-container uagb-block-669ed7f0 alignfull uagb-is-root-container\"><div class=\"uagb-container-inner-blocks-wrap\">\n<div class=\"wp-block-uagb-advanced-heading uagb-block-bd1d1290\"><h2 class=\"uagb-heading-text\">Zimmer im Pflegeheim r\u00e4umen nach Tod<\/h2><\/div>\n\n\n\n<p>Wenn Sie ein Zimmer in einem Pflegeheim r\u00e4umen m\u00fcssen, nachdem ein Familienmitglied verstorben ist, kann das eine sehr schwere und emotionale Aufgabe sein. Es ist ein schwieriger Prozess, den man nicht immer alleine bew\u00e4ltigen kann. Aus diesem Grund bieten wir hier bei Studenten-Power Ihnen eine hilfreiche Hand und Unterst\u00fctzung an. Wir kommen zu Ihnen und helfen Ihnen diskret und z\u00fcgig das Zimmer zu r\u00e4umen. Wir verstehen, dass es eine zeitaufwendige und schmerzhafte Aufgabe ist und deshalb werden wir alles in unserer Macht Stehende tun, um Ihnen so wenig Stress wie m\u00f6glich zu bereiten. Wir sind bestrebt, diese emotional schwere Zeit f\u00fcr Sie ein wenig zu erleichtern. Wir sind zuversichtlich, dass wir Ihnen in dieser schwierigen Zeit den bestm\u00f6glichen Service bieten k\u00f6nnen. Diese Leistung ist Teil unserer <a href=\"https:\/\/www.studenten-power.de\/stuttgart\/wohnungsaufloesung-stuttgart\/\">Haushaltsaufl\u00f6sung in Stuttgart<\/a>.<\/p>\n<\/div><\/div>\n\n\n\n<div class=\"wp-block-uagb-container uagb-block-30a9d105 alignfull uagb-is-root-container\"><div class=\"uagb-container-inner-blocks-wrap\">\n<div class=\"wp-block-uagb-container uagb-block-9df11d8c\">\n<div class=\"wp-block-uagb-container uagb-block-c61c6dff alignfull uagb-is-root-container\"><div class=\"uagb-container-inner-blocks-wrap\">\n<div class=\"wp-block-uagb-info-box uagb-block-cb0f451c uagb-infobox__content-wrap  uagb-infobox-icon-left-title uagb-infobox-left uagb-infobox-image-valign-middle\"><div class=\"uagb-ifb-content\"><div class=\"uagb-ifb-left-title-image\"><div class=\"uagb-ifb-image-content\"><img decoding=\"async\" src=\"https:\/\/www.studenten-power.de\/stuttgart\/wp-content\/uploads\/sites\/3\/2025\/07\/telefon.svg\" alt=\"Telefon Stuttgart\" width=\"60\" height=\"60\" loading=\"lazy\" title=\"\"><\/div><div class=\"uagb-ifb-title-wrap\"><p class=\"uagb-ifb-title\"><a href=\"tel:+4971116917260\">071116917260<\/a><\/p><\/div><\/div><\/div><\/div>\n\n\n\n<div class=\"wp-block-uagb-info-box uagb-block-45cda799 uagb-infobox__content-wrap  uagb-infobox-icon-left-title uagb-infobox-left uagb-infobox-image-valign-middle\"><div class=\"uagb-ifb-content\"><div class=\"uagb-ifb-left-title-image\"><div class=\"uagb-ifb-image-content\"><img decoding=\"async\" src=\"https:\/\/www.studenten-power.de\/stuttgart\/wp-content\/uploads\/sites\/3\/2025\/07\/kontaktformular.svg\" alt=\"kontaktformular Stuttgart\" width=\"60\" height=\"60\" loading=\"lazy\" title=\"\"><\/div><div class=\"uagb-ifb-title-wrap\"><p class=\"uagb-ifb-title\"><a href=\"https:\/\/www.studenten-power.de\/stuttgart\/kostenloses-angebot\/\">Kontaktformular<\/a><\/p><\/div><\/div><\/div><\/div>\n\n\n\n<div class=\"wp-block-uagb-info-box uagb-block-09adf1a4 uagb-infobox__content-wrap  uagb-infobox-icon-left-title uagb-infobox-left uagb-infobox-image-valign-middle\"><div class=\"uagb-ifb-content\"><div class=\"uagb-ifb-left-title-image\"><div class=\"uagb-ifb-image-content\"><img decoding=\"async\" src=\"https:\/\/www.studenten-power.de\/stuttgart\/wp-content\/uploads\/sites\/3\/2025\/07\/whatsapp.svg\" alt=\"whatsapp Stuttgart\" width=\"60\" height=\"60\" loading=\"lazy\" title=\"\"><\/div><div class=\"uagb-ifb-title-wrap\"><p class=\"uagb-ifb-title\"><a href=\"https:\/\/www.studenten-power.de\/stuttgart\/blitzangebot-stuttgart\/\">Blitzangebot via WhatsApp<\/a><\/p><\/div><\/div><\/div><\/div>\n<\/div><\/div>\n<\/div>\n\n\n\n<div class=\"wp-block-uagb-container uagb-block-fd262061\">\n<p><strong>Gr\u00fcnde f\u00fcr eine Zimmer-R\u00e4umung<br>durch Studenten-Power<\/strong><\/p>\n\n\n\n<ul class=\"wp-block-list\">\n<li>Kurzfristige Termine m\u00f6glich<\/li>\n\n\n\n<li>\u00dcber 1000+ Kundenbewertungen<\/li>\n\n\n\n<li>Keine zus\u00e4tzlichen Entsorgungskosten<\/li>\n\n\n\n<li>Wir bieten auch Handwerker-Dienstleistungen an<\/li>\n<\/ul>\n<\/div>\n<\/div><\/div>\n\n\n\n<div class=\"wp-block-uagb-container uagb-block-e0d8efe1 alignfull uagb-is-root-container\"><div class=\"uagb-container-inner-blocks-wrap\">\n<div class=\"wp-block-uagb-advanced-heading uagb-block-3575d33d\"><h2 class=\"uagb-heading-text\">Unser Sorglos-Paket<\/h2><\/div>\n\n\n\n<p>Sie m\u00f6chten Ihren Zimmern r\u00e4umen? Dann sind Sie bei Studenten-Power genau richtig. Wir bieten Ihnen verschiedene Leistungen aus einer Hand. Egal ob <a href=\"https:\/\/www.studenten-power.de\/stuttgart\/\">Entr\u00fcmpelung<\/a>, Renovierung oder Grundreinigung. Dabei stehen wir Ihnen nicht nur bei der Umsetzung Ihrer Ideen zur Seite, sondern sorgen auch daf\u00fcr, dass alles reibungslos abl\u00e4uft. Mit unserem Sorglos-Paket sind Sie bestens versorgt und k\u00f6nnen sich darauf verlassen.<\/p>\n\n\n\n<p>Wenn Sie also eine professionelle und effiziente L\u00f6sung f\u00fcr das R\u00e4umen des Zimmers im Pflegeheim ben\u00f6tigen, z\u00f6gern Sie nicht, uns unverbindlich zu kontaktieren. Wir werden uns dann umgehend mit Ihnen in Verbindung setzen und Ihnen dabei helfen, den Raum in k\u00fcrzester Zeit zu r\u00e4umen.<\/p>\n\n\n\n<div class=\"wp-block-uagb-advanced-heading uagb-block-df111504\"><h2 class=\"uagb-heading-text\">Professionelle R\u00e4umung mit Studenten-Power<\/h2><\/div>\n\n\n\n<p>Sie m\u00fcssen sich keine Sorgen mehr machen, denn Studenten-Power ist da, um Ihnen in einer schwierigen Situation zur Seite zu stehen. Wenn Sie sich mit dem Thema R\u00e4umung eines Zimmers konfrontiert sehen, k\u00f6nnen Sie sich auf die professionelle Unterst\u00fctzung von Studenten-Power verlassen. Unser Team ist diskret, tatkr\u00e4ftig und bietet Ihnen einen umfassenden Service rund um die R\u00e4umung eines Zimmers im Falle eines Todesfalls. Wir wissen, dass dies eine schwierige Zeit f\u00fcr Sie sein kann, und m\u00f6chten Ihnen bei der Bew\u00e4ltigung des Verlustes so weit wie m\u00f6glich helfen. Wir verf\u00fcgen \u00fcber die n\u00f6tige Erfahrung, um Ihnen eine schnelle und effiziente R\u00e4umung zu erm\u00f6glichen. Studenten-Power kann Ihnen auch bei der Entsorgung und Entr\u00fcmpelung des Zimmers behilflich sein und Sie dabei unterst\u00fctzen, sich auf die Zukunft zu konzentrieren. Egal, ob Sie ein Zimmer r\u00e4umen m\u00fcssen, um es neu zu gestalten oder um ein Erbe zu entdecken, Studenten-Power ist der richtige Partner an Ihrer Seite, wenn es um professionelle Unterst\u00fctzung geht. Wir sind stolz darauf, Ihnen einen Service anbieten zu k\u00f6nnen, der Ihnen ein schnelles und kosteng\u00fcnstiges R\u00e4umungsergebnis erm\u00f6glicht. Sie k\u00f6nnen sich also auf unsere Studenten-Power verlassen, wenn Sie ein Zimmer r\u00e4umen m\u00fcssen.<\/p>\n\n\n\n<div class=\"wp-block-uagb-advanced-heading uagb-block-17c62be1\"><h2 class=\"uagb-heading-text\">Altenheim Zimmer r\u00e4umen nach Tod<\/h2><\/div>\n\n\n\n<p>Sie haben traurige Nachrichten erhalten und m\u00fcssen nun den Raum eines Verstorbenen im Altenheim r\u00e4umen? Wir verstehen die schwierige Situation, in der Sie sich befinden. Nichts ist schwerer, als das Zimmer eines geliebten Menschen zu r\u00e4umen. Studenten-Power hilft Ihnen in solchen schwierigen Zeiten und bietet Ihnen ein Rundum-Sorglos-Paket an. Wir k\u00fcmmern uns um alles und \u00fcbernehmen die gesamte Arbeit. Wir k\u00fcmmern uns um den Abtransport der M\u00f6bel und anderer pers\u00f6nlicher Gegenst\u00e4nde. Wir bieten Ihnen auch eine professionelle Entr\u00fcmpelung, Reinigung und kleine Renovierungsarbeiten des Zimmers an. Z\u00f6gern Sie nicht, uns zu kontaktieren, wenn Sie Hilfe beim R\u00e4umen des Zimmers ben\u00f6tigen. Unsere Mitarbeiter k\u00fcmmern sich um jedes Detail und helfen Ihnen, das Zimmer schnell und stressfrei zu r\u00e4umen.<\/p>\n\n\n\n<div class=\"wp-block-uagb-advanced-heading uagb-block-f13a280c\"><h2 class=\"uagb-heading-text\">Wenn es z\u00fcgig gehen soll<\/h2><\/div>\n\n\n\n<p>Unser Ziel ist es, Ihnen einen reibungslosen Zugang zu unseren Dienstleistungen zu erm\u00f6glichen, ohne dass Sie auf einen Termin warten m\u00fcssen. Aus diesem Grund stellen wir sicher, dass Sie innerhalb von 3\u20137 Werktagen einen Termin vereinbaren k\u00f6nnen, um Ihre Bedenken schnell und einfach anzusprechen. Wenn Sie eine schnelle und problemlose R\u00e4umung in einem Pflegeheim oder Altenheim ben\u00f6tigen, ist das Team von Studenten-Power f\u00fcr Sie da. Wir verf\u00fcgen \u00fcber qualifizierte Fachkr\u00e4fte, die Ihnen jederzeit zur Seite stehen, um sicherzustellen, dass Ihre Anforderungen und W\u00fcnsche erf\u00fcllt werden. Sie k\u00f6nnen uns jederzeit kontaktieren, um Fragen zu stellen oder Bedenken zu \u00e4u\u00dfern \u2013 wir sind bereit, Ihnen bei der Suche nach der besten L\u00f6sung zu helfen. Wir freuen uns darauf, Ihnen zu helfen.<\/p>\n\n\n\n<h3 class=\"wp-block-heading\">Wie ist der Ablauf?<\/h3>\n\n\n\n<p>Setzen Sie sich mit uns in Verbindung, um eine kostenlose Begehung zu vereinbaren. Auf diese Weise k\u00f6nnen wir den erforderlichen Arbeitsaufwand und die Ressourcen f\u00fcr Ihre Zimmerentleerung genau evaluieren. W\u00e4hrend des Rundgangs kl\u00e4ren wir alle bedeutenden Details mit Ihnen ab. Wir werden Ihnen exakte Angaben \u00fcber die Aufwendungen, die Zeitdauer und den Fortgang des Vorhabens geben. Unser Ziel ist es, ein g\u00fcnstiges und zufriedenstellendes Resultat zu erzielen.<\/p>\n\n\n\n<div class=\"wp-block-uagb-advanced-heading uagb-block-5d21d3cc\"><h2 class=\"uagb-heading-text\">Anwesenheitspflicht bei einer Zimmerr\u00e4umung?<\/h2><\/div>\n\n\n\n<p>Machen Sie sich keine Gedanken, falls Sie w\u00e4hrend der Entr\u00fcmpelung des Raumes nicht pr\u00e4sent sein k\u00f6nnen. Unser professionelles Team wird die Aufgabe gewissenhaft und qualifiziert durchf\u00fchren und Sie informieren, sobald die Arbeit vollbracht ist.<\/p>\n\n\n\n<div class=\"wp-block-uagb-advanced-heading uagb-block-069f754b\"><h2 class=\"uagb-heading-text\">Festpreis<\/h2><\/div>\n\n\n\n<p>Wir sind in der Lage, f\u00fcr Sie einen Festpreis f\u00fcr die Zimmerr\u00e4umung anzubieten. Wir werden f\u00fcr alle notwendigen Aufgaben verantwortlich sein, sodass Sie sich zur\u00fccklehnen und entspannen k\u00f6nnen. Wir versichern Ihnen eine schnelle und vertrauensw\u00fcrdige Durchf\u00fchrung der Arbeiten. Bitte nehmen Sie Kontakt mit uns auf, um unverbindlich beraten zu werden. Unsere T\u00fcr steht immer offen f\u00fcr Sie.<\/p>\n<\/div><\/div>\n\n\n\n<!-- ratedo.de Widget -->\n<style>\n:root {\n  --ratedo-color-font: #121212;\n  --ratedo-color-background: linear-gradient(to top, #f1f7ff, #faf6fd);\n  --ratedo-color-shadow: rgba(0, 0, 0, 0.12);\n  --ratedo-size-border: 1px;\n  --ratedo-color-border: #c3c3c3;\n}\n<\/style>\n<div class=\"ratedo-w2\" data-ratedo_id=\"091d039b02ddf4d2fb7f5be76e1c77465d6b4ec7\"><\/div>\n<script type=\"text\/javascript\" src=\"https:\/\/www.ratedo.de\/js\/widgets\/ratedo-widget2.min.js\" async><\/script>\n<!-- ratedo.de Widget -->\n\n\n\n<h3 class=\"wp-block-heading\">Weitere Dienstleistungen<\/h3>\n\n\n\n<p><a href=\"https:\/\/www.studenten-power.de\/stuttgart\/\">Entr\u00fcmpelung &amp; Haushaltsaufl\u00f6sung Stuttgart<\/a> \u00b7 <a href=\"https:\/\/www.studenten-power.de\/stuttgart\/wohnungsaufloesung-stuttgart\/\">Haushaltsaufl\u00f6sung Stuttgart: Kosten &amp; Ablauf<\/a> \u00b7 <a href=\"https:\/\/www.studenten-power.de\/stuttgart\/sperrmuell-stuttgart\/\">Sperrm\u00fcll Stuttgart<\/a> \u00b7 <a href=\"https:\/\/www.studenten-power.de\/stuttgart\/entsorgung-stuttgart\/\">Entsorgung Stuttgart<\/a> \u00b7 <a href=\"https:\/\/www.studenten-power.de\/stuttgart\/geschaeftsaufloesung-stuttgart\/\">Gesch\u00e4ftsaufl\u00f6sung Stuttgart<\/a> \u00b7 <a href=\"https:\/\/www.studenten-power.de\/stuttgart\/handwerker-finden-in-stuttgart\/\">Handwerker Stuttgart<\/a><\/p>\n\n\n\n<div class=\"wp-block-uagb-container uagb-block-da9d7c3b alignfull uagb-is-root-container\"><div class=\"uagb-container-inner-blocks-wrap\">\n<div style=\"height:100px\" aria-hidden=\"true\" class=\"wp-block-spacer\"><\/div>\n\n\n<div class='fluentform ff-default fluentform_wrapper_4 ffs_default_wrap'><form data-form_id=\"4\" id=\"fluentform_4\" class=\"frm-fluent-form fluent_form_4 ff-el-form-top ff_form_instance_4_1 ff-form-loading ff_has_v3_recptcha ffs_default\" data-form_instance=\"ff_form_instance_4_1\" method=\"POST\" data-recptcha_key=\"6LdhmWIrAAAAAN_iy0OUZwj4Y5WUjQk5PZe-PJp9\" ><fieldset  style=\"border: none!important;margin: 0!important;padding: 0!important;background-color: transparent!important;box-shadow: none!important;outline: none!important; min-inline-size: 100%;\">\n                    <legend class=\"ff_screen_reader_title\" style=\"display: block; margin: 0!important;padding: 0!important;height: 0!important;text-indent: -999999px;width: 0!important;overflow:hidden;\">Customer Feedback Form<\/legend>        <div\n                style=\"display: none!important; position: absolute!important; transform: translateX(1000%)!important;\"\n                class=\"ff-el-group ff-hpsf-container\"\n        >\n            <div class=\"ff-el-input--label asterisk-right\">\n                <label for=\"ff_4_item_sf\" aria-label=\"Updates\">\n                    Updates                <\/label>\n            <\/div>\n            <div class=\"ff-el-input--content\">\n                <input type=\"text\"\n                       name=\"item_4__fluent_sf\"\n                       class=\"ff-el-form-control\"\n                       id=\"ff_4_item_sf\"\n                \/>\n            <\/div>\n        <\/div>\n                <input type=\"hidden\" id=\"__fluent_protection_token_4\" class=\"fluent-form-token-field\" name=\"__fluent_protection_token_4\">\n        <input type='hidden' name='__fluent_form_embded_post_id' value='46' \/><input type=\"hidden\" id=\"_fluentform_4_fluentformnonce\" name=\"_fluentform_4_fluentformnonce\" value=\"e43759dbd0\" \/><input type=\"hidden\" name=\"_wp_http_referer\" value=\"\/stuttgart\/wp-json\/wp\/v2\/pages\/46\" \/><div class='ff-el-group'><div class=\"ff-el-input--label asterisk-right\"><label   aria-label=\"Konnten Sie die gesuchten Informationen auf dieser Seite finden?\">Konnten Sie die gesuchten Informationen auf dieser Seite finden?<\/label><\/div><div class='ff-el-input--content'><div class='ff-el-ratings jss-ff-el-ratings' role='radiogroup'><label for=service_rating_099e6de0f223cd95366bf9c671826807 class=''><input name=\"service_rating\" data-name=\"service_rating\" type=\"radio\" tabindex=\"1\"  id=service_rating_099e6de0f223cd95366bf9c671826807 aria-valuenow='1' value='1' aria-required=false aria-invalid='false'><?xml version=\"1.0\" encoding=\"iso-8859-1\"?><svg class=\"jss-ff-svg ff-svg\" version=\"1.1\" xmlns=\"http:\/\/www.w3.org\/2000\/svg\" xmlns:xlink=\"http:\/\/www.w3.org\/1999\/xlink\" x=\"0px\" y=\"0px\" viewBox=\"0 0 53.867 53.867\" style=\"enable-background:new 0 0 53.867 53.867;\" xml:space=\"preserve\"><polygon points=\"26.934,1.318 35.256,18.182 53.867,20.887 40.4,34.013 43.579,52.549 26.934,43.798 10.288,52.549 13.467,34.013 0,20.887 18.611,18.182 \"\/><g><\/g><g><\/g><g><\/g><g><\/g><g><\/g><g><\/g><g><\/g><g><\/g><g><\/g><g><\/g><g><\/g><g><\/g><g><\/g><g><\/g><g><\/g><\/svg><\/label><label for=service_rating_8584ae1ba9e298b48d3b950b370e4a2a class=''><input name=\"service_rating\" data-name=\"service_rating\" type=\"radio\" tabindex=\"2\"  id=service_rating_8584ae1ba9e298b48d3b950b370e4a2a aria-valuenow='2' value='2' aria-required=false aria-invalid='false'><?xml version=\"1.0\" encoding=\"iso-8859-1\"?><svg class=\"jss-ff-svg ff-svg\" version=\"1.1\" xmlns=\"http:\/\/www.w3.org\/2000\/svg\" xmlns:xlink=\"http:\/\/www.w3.org\/1999\/xlink\" x=\"0px\" y=\"0px\" viewBox=\"0 0 53.867 53.867\" style=\"enable-background:new 0 0 53.867 53.867;\" xml:space=\"preserve\"><polygon points=\"26.934,1.318 35.256,18.182 53.867,20.887 40.4,34.013 43.579,52.549 26.934,43.798 10.288,52.549 13.467,34.013 0,20.887 18.611,18.182 \"\/><g><\/g><g><\/g><g><\/g><g><\/g><g><\/g><g><\/g><g><\/g><g><\/g><g><\/g><g><\/g><g><\/g><g><\/g><g><\/g><g><\/g><g><\/g><\/svg><\/label><label for=service_rating_3c6418ade79f16fa1b5af1d6ec1bbaea class=''><input name=\"service_rating\" data-name=\"service_rating\" type=\"radio\" tabindex=\"3\"  id=service_rating_3c6418ade79f16fa1b5af1d6ec1bbaea aria-valuenow='3' value='3' aria-required=false aria-invalid='false'><?xml version=\"1.0\" encoding=\"iso-8859-1\"?><svg class=\"jss-ff-svg ff-svg\" version=\"1.1\" xmlns=\"http:\/\/www.w3.org\/2000\/svg\" xmlns:xlink=\"http:\/\/www.w3.org\/1999\/xlink\" x=\"0px\" y=\"0px\" viewBox=\"0 0 53.867 53.867\" style=\"enable-background:new 0 0 53.867 53.867;\" xml:space=\"preserve\"><polygon points=\"26.934,1.318 35.256,18.182 53.867,20.887 40.4,34.013 43.579,52.549 26.934,43.798 10.288,52.549 13.467,34.013 0,20.887 18.611,18.182 \"\/><g><\/g><g><\/g><g><\/g><g><\/g><g><\/g><g><\/g><g><\/g><g><\/g><g><\/g><g><\/g><g><\/g><g><\/g><g><\/g><g><\/g><g><\/g><\/svg><\/label><label for=service_rating_674e8484cc5af8b6ca27c402984223ee class=''><input name=\"service_rating\" data-name=\"service_rating\" type=\"radio\" tabindex=\"4\"  id=service_rating_674e8484cc5af8b6ca27c402984223ee aria-valuenow='4' value='4' aria-required=false aria-invalid='false'><?xml version=\"1.0\" encoding=\"iso-8859-1\"?><svg class=\"jss-ff-svg ff-svg\" version=\"1.1\" xmlns=\"http:\/\/www.w3.org\/2000\/svg\" xmlns:xlink=\"http:\/\/www.w3.org\/1999\/xlink\" x=\"0px\" y=\"0px\" viewBox=\"0 0 53.867 53.867\" style=\"enable-background:new 0 0 53.867 53.867;\" xml:space=\"preserve\"><polygon points=\"26.934,1.318 35.256,18.182 53.867,20.887 40.4,34.013 43.579,52.549 26.934,43.798 10.288,52.549 13.467,34.013 0,20.887 18.611,18.182 \"\/><g><\/g><g><\/g><g><\/g><g><\/g><g><\/g><g><\/g><g><\/g><g><\/g><g><\/g><g><\/g><g><\/g><g><\/g><g><\/g><g><\/g><g><\/g><\/svg><\/label><label for=service_rating_733fc76fddc50ccd6790ae8c7d50fef0 class=''><input name=\"service_rating\" data-name=\"service_rating\" type=\"radio\" tabindex=\"5\"  id=service_rating_733fc76fddc50ccd6790ae8c7d50fef0 aria-valuenow='5' value='5' aria-required=false aria-invalid='false'><?xml version=\"1.0\" encoding=\"iso-8859-1\"?><svg class=\"jss-ff-svg ff-svg\" version=\"1.1\" xmlns=\"http:\/\/www.w3.org\/2000\/svg\" xmlns:xlink=\"http:\/\/www.w3.org\/1999\/xlink\" x=\"0px\" y=\"0px\" viewBox=\"0 0 53.867 53.867\" style=\"enable-background:new 0 0 53.867 53.867;\" xml:space=\"preserve\"><polygon points=\"26.934,1.318 35.256,18.182 53.867,20.887 40.4,34.013 43.579,52.549 26.934,43.798 10.288,52.549 13.467,34.013 0,20.887 18.611,18.182 \"\/><g><\/g><g><\/g><g><\/g><g><\/g><g><\/g><g><\/g><g><\/g><g><\/g><g><\/g><g><\/g><g><\/g><g><\/g><g><\/g><g><\/g><g><\/g><\/svg><\/label><\/div><\/div><\/div><div class='ff-el-group'><div class=\"ff-el-input--label asterisk-right\"><label for='ff_4_feedback_comments' id='label_ff_4_feedback_comments' aria-label=\"Ihr Feedback\">Ihr Feedback<\/label><\/div><div class='ff-el-input--content'><textarea aria-required=\"false\" aria-labelledby=\"label_ff_4_feedback_comments\" name=\"feedback_comments\" id=\"ff_4_feedback_comments\" class=\"ff-el-form-control\" placeholder=\"Ihr Feedback ist anonym und wird nicht ver\u00f6ffentlicht.\" rows=\"3\" cols=\"2\" data-name=\"feedback_comments\" tabindex=\"6\" ><\/textarea><\/div><\/div><div class='ff-el-group ff-text-left ff_submit_btn_wrapper'><button type=\"submit\" class=\"ff-btn ff-btn-submit ff-btn-md ff_btn_style\" tabindex=\"7\"  aria-label=\"Absenden\">Absenden<\/button><\/div><\/fieldset><\/form><div id='fluentform_4_errors' class='ff-errors-in-stack ff_form_instance_4_1 ff-form-loading_errors ff_form_instance_4_1_errors'><\/div><\/div>            <script type=\"text\/javascript\">\n                window.fluent_form_ff_form_instance_4_1 = {\"id\":\"4\",\"settings\":{\"layout\":{\"labelPlacement\":\"top\",\"asteriskPlacement\":\"asterisk-right\",\"helpMessagePlacement\":\"with_label\",\"errorMessagePlacement\":\"inline\",\"cssClassName\":\"\"},\"restrictions\":{\"denyEmptySubmission\":{\"enabled\":false}}},\"form_instance\":\"ff_form_instance_4_1\",\"form_id_selector\":\"fluentform_4\",\"rules\":{\"service_rating\":{\"required\":{\"value\":false,\"message\":\"Angaben in diesem Feld sind erforderlich\",\"global_message\":\"Angaben in diesem Feld sind erforderlich\",\"global\":true}},\"feedback_comments\":{\"required\":{\"value\":false,\"message\":\"Angaben in diesem Feld sind erforderlich\",\"global_message\":\"Angaben in diesem Feld sind erforderlich\",\"global\":true}},\"g-recaptcha-response\":[]},\"debounce_time\":300};\n                            <\/script>\n            \n<\/div><\/div>\n","protected":false},"excerpt":{"rendered":"<p>Zimmer im Pflegeheim r\u00e4umen nach Tod Wenn Sie ein Zimmer in einem Pflegeheim r\u00e4umen m\u00fcssen, nachdem ein Familienmitglied verstorben ist, [&hellip;]<\/p>\n","protected":false},"author":2,"featured_media":0,"parent":0,"menu_order":0,"comment_status":"open","ping_status":"open","template":"","meta":{"_uag_custom_page_level_css":"","site-sidebar-layout":"default","site-content-layout":"","ast-site-content-layout":"","site-content-style":"default","site-sidebar-style":"default","ast-global-header-display":"","ast-banner-title-visibility":"","ast-main-header-display":"","ast-hfb-above-header-display":"","ast-hfb-below-header-display":"","ast-hfb-mobile-header-display":"","site-post-title":"","ast-breadcrumbs-content":"","ast-featured-img":"","footer-sml-layout":"","theme-transparent-header-meta":"","adv-header-id-meta":"","stick-header-meta":"","header-above-stick-meta":"","header-main-stick-meta":"","header-below-stick-meta":"","astra-migrate-meta-layouts":"default","ast-page-background-enabled":"default","ast-page-background-meta":{"desktop":{"background-color":"var(--ast-global-color-4)","background-image":"","background-repeat":"repeat","background-position":"center center","background-size":"auto","background-attachment":"scroll","background-type":"","background-media":"","overlay-type":"","overlay-color":"","overlay-opacity":"","overlay-gradient":""},"tablet":{"background-color":"","background-image":"","background-repeat":"repeat","background-position":"center center","background-size":"auto","background-attachment":"scroll","background-type":"","background-media":"","overlay-type":"","overlay-color":"","overlay-opacity":"","overlay-gradient":""},"mobile":{"background-color":"","background-image":"","background-repeat":"repeat","background-position":"center center","background-size":"auto","background-attachment":"scroll","background-type":"","background-media":"","overlay-type":"","overlay-color":"","overlay-opacity":"","overlay-gradient":""}},"ast-content-background-meta":{"desktop":{"background-color":"var(--ast-global-color-5)","background-image":"","background-repeat":"repeat","background-position":"center center","background-size":"auto","background-attachment":"scroll","background-type":"","background-media":"","overlay-type":"","overlay-color":"","overlay-opacity":"","overlay-gradient":""},"tablet":{"background-color":"var(--ast-global-color-5)","background-image":"","background-repeat":"repeat","background-position":"center center","background-size":"auto","background-attachment":"scroll","background-type":"","background-media":"","overlay-type":"","overlay-color":"","overlay-opacity":"","overlay-gradient":""},"mobile":{"background-color":"var(--ast-global-color-5)","background-image":"","background-repeat":"repeat","background-position":"center center","background-size":"auto","background-attachment":"scroll","background-type":"","background-media":"","overlay-type":"","overlay-color":"","overlay-opacity":"","overlay-gradient":""}},"footnotes":""},"class_list":["post-46","page","type-page","status-publish","hentry"],"uagb_featured_image_src":{"full":false,"thumbnail":false,"medium":false,"medium_large":false,"large":false,"1536x1536":false,"2048x2048":false},"uagb_author_info":{"display_name":"Power-Redakteur","author_link":"https:\/\/www.studenten-power.de\/stuttgart\/author\/merttuerk\/"},"uagb_comment_info":0,"uagb_excerpt":"Zimmer im Pflegeheim r\u00e4umen nach Tod Wenn Sie ein Zimmer in einem Pflegeheim r\u00e4umen m\u00fcssen, nachdem ein Familienmitglied verstorben ist, [&hellip;]","_links":{"self":[{"href":"https:\/\/www.studenten-power.de\/stuttgart\/wp-json\/wp\/v2\/pages\/46","targetHints":{"allow":["GET"]}}],"collection":[{"href":"https:\/\/www.studenten-power.de\/stuttgart\/wp-json\/wp\/v2\/pages"}],"about":[{"href":"https:\/\/www.studenten-power.de\/stuttgart\/wp-json\/wp\/v2\/types\/page"}],"author":[{"embeddable":true,"href":"https:\/\/www.studenten-power.de\/stuttgart\/wp-json\/wp\/v2\/users\/2"}],"replies":[{"embeddable":true,"href":"https:\/\/www.studenten-power.de\/stuttgart\/wp-json\/wp\/v2\/comments?post=46"}],"version-history":[{"count":0,"href":"https:\/\/www.studenten-power.de\/stuttgart\/wp-json\/wp\/v2\/pages\/46\/revisions"}],"wp:attachment":[{"href":"https:\/\/www.studenten-power.de\/stuttgart\/wp-json\/wp\/v2\/media?parent=46"}],"curies":[{"name":"wp","href":"https:\/\/api.w.org\/{rel}","templated":true}]}}